{"id":360,"date":"2025-08-22T08:59:52","date_gmt":"2025-08-22T08:59:52","guid":{"rendered":"https:\/\/grand-hotel-dorleans-v2.ms2.decms.eu\/nos-chambres\/"},"modified":"2025-11-26T08:30:46","modified_gmt":"2025-11-26T08:30:46","slug":"habitaciones","status":"publish","type":"page","link":"https:\/\/www.grand-hotel-orleans.fr\/es\/habitaciones\/","title":{"rendered":"Nuestras Habitaciones"},"content":{"rendered":"<p style=\"text-align: center;\"><strong>Habitaciones para todo tipo de estancias<\/strong><br \/>\nAl igual que Toulouse, cada una de nuestras habitaciones tiene su propio car\u00e1cter.<br \/>\nNinguna es igual a otra, pero todas ofrecen el mismo confort.<br \/>\nAlgunas dan a nuestro patio interior, otras al patio exterior y unas pocas a la calle, para aquellos a los que les gusta observar la ciudad.<\/p>\n<p style=\"text-align: center;\">Ofrecemos varias categor\u00edas seg\u00fan sus necesidades:<\/p>\n<p style=\"text-align: center;\"><strong>Individual<\/strong>: pr\u00e1ctica y c\u00f3moda para una estancia en solitario, con una cama individual.<br \/>\n<strong>Cl\u00e1sica<\/strong>: sencilla y funcional, tranquila, en nuestro patio interior.<br \/>\n<strong>Confort<\/strong>: un poco m\u00e1s espaciosa, animada en la calle o tranquila en el patio.<br \/>\n<strong>Superior<\/strong>: espaciosa y elegante, ideal para quienes buscan m\u00e1s encanto y espacio.<br \/>\n<strong>Habitaciones<\/strong> <strong>triples<\/strong> <strong>y familiares<\/strong>: perfectas para estancias con ni\u00f1os. Equipamiento para beb\u00e9s disponible bajo petici\u00f3n (cuna, cambiador, barreras para la cama, etc.).<\/p>\n<p>&nbsp;<\/p>\n<p style=\"text-align: center;\">Disponemos de parking privado, situado a menos de 50 metros del hotel.<\/p>\n<p style=\"text-align: center;\">Facilite su llegada y garantice su ubicaci\u00f3n reservando su lugar con antelaci\u00f3n en la recepci\u00f3n.<\/p>\n","protected":false},"excerpt":{"rendered":"<p>Habitaciones para todo tipo de estancias Al igual que Toulouse, cada una de nuestras habitaciones tiene su propio car\u00e1cter. Ninguna es igual a otra, pero todas ofrecen el mismo confort. Algunas dan a nuestro patio interior, otras al patio exterior y unas pocas a la calle, para aquellos a los que les gusta observar la [&hellip;]<\/p>\n","protected":false},"author":27,"featured_media":0,"parent":0,"menu_order":1,"comment_status":"closed","ping_status":"closed","template":"template-rooms.php","meta":{"footnotes":""},"yoast_head":"<!-- This site is optimized with the Yoast SEO plugin v22.3 - https:\/\/yoast.com\/wordpress\/plugins\/seo\/ -->\n<title>Nuestras Habitaciones - Grand H\u00f4tel d&#039;Orleans -<\/title>\n<meta name=\"description\" content=\"Habitaciones para todo tipo de estancias Al igual que Toulouse, cada una de nuestras habitaciones tiene su propio car\u00e1cter. Ninguna es igual a otra, pero todas ofrecen el mismo confort. Algunas dan a nuestro patio interior, otras al patio exterior y unas pocas a la calle, para aquellos a los que les gusta observar la ciudad.   Ofrecemos varias categor\u00edas seg\u00fan sus necesidades: Individual: pr\u00e1ctica y c\u00f3moda para una estancia en solitario, con una cama individual. Cl\u00e1sica: sencilla y funcional, tranquila, en nuestro patio interior. Confort: un poco m\u00e1s espaciosa, animada en la calle o tranquila en el patio. Superior: espaciosa y elegante, ideal para quienes buscan m\u00e1s encanto y espacio. Habitaciones triples y familiares: perfectas para estancias con ni\u00f1os. Equipamiento para beb\u00e9s disponible bajo petici\u00f3n (cuna, cambiador, barreras para la cama, etc.). &nbsp; Disponemos de parking privado, situado a menos de 50 metros del hotel. Facilite su llegada y garantice su ubicaci\u00f3n reservando su lugar con antelaci\u00f3n en la recepci\u00f3n.\" \/>\n<meta name=\"robots\" content=\"index, follow, max-snippet:-1, max-image-preview:large, max-video-preview:-1\" \/>\n<link rel=\"canonical\" href=\"https:\/\/www.grand-hotel-orleans.fr\/es\/habitaciones\/\" \/>\n<meta property=\"og:locale\" content=\"es_ES\" \/>\n<meta property=\"og:type\" content=\"article\" \/>\n<meta property=\"og:title\" content=\"Nuestras Habitaciones - Grand H\u00f4tel d&#039;Orleans -\" \/>\n<meta property=\"og:description\" content=\"Habitaciones para todo tipo de estancias Al igual que Toulouse, cada una de nuestras habitaciones tiene su propio car\u00e1cter. Ninguna es igual a otra, pero todas ofrecen el mismo confort. Algunas dan a nuestro patio interior, otras al patio exterior y unas pocas a la calle, para aquellos a los que les gusta observar la ciudad.   Ofrecemos varias categor\u00edas seg\u00fan sus necesidades: Individual: pr\u00e1ctica y c\u00f3moda para una estancia en solitario, con una cama individual. Cl\u00e1sica: sencilla y funcional, tranquila, en nuestro patio interior. Confort: un poco m\u00e1s espaciosa, animada en la calle o tranquila en el patio. Superior: espaciosa y elegante, ideal para quienes buscan m\u00e1s encanto y espacio. Habitaciones triples y familiares: perfectas para estancias con ni\u00f1os. Equipamiento para beb\u00e9s disponible bajo petici\u00f3n (cuna, cambiador, barreras para la cama, etc.). &nbsp; Disponemos de parking privado, situado a menos de 50 metros del hotel. Facilite su llegada y garantice su ubicaci\u00f3n reservando su lugar con antelaci\u00f3n en la recepci\u00f3n.\" \/>\n<meta property=\"og:url\" content=\"https:\/\/www.grand-hotel-orleans.fr\/es\/habitaciones\/\" \/>\n<meta property=\"og:site_name\" content=\"Grand H\u00f4tel d&#039;Orleans\" \/>\n<meta property=\"article:publisher\" content=\"https:\/\/www.facebook.com\/ghotoulouse\/?locale=fr_FR\" \/>\n<meta property=\"article:modified_time\" content=\"2025-11-26T08:30:46+00:00\" \/>\n<meta name=\"twitter:card\" content=\"summary_large_image\" \/>\n<meta name=\"twitter:label1\" content=\"Tiempo de lectura\" \/>\n\t<meta name=\"twitter:data1\" content=\"1 minuto\" \/>\n<script type=\"application\/ld+json\" class=\"yoast-schema-graph\">{\"@context\":\"https:\/\/schema.org\",\"@graph\":[{\"@type\":\"WebPage\",\"@id\":\"https:\/\/www.grand-hotel-orleans.fr\/es\/habitaciones\/\",\"url\":\"https:\/\/www.grand-hotel-orleans.fr\/es\/habitaciones\/\",\"name\":\"Nuestras Habitaciones - Grand H\u00f4tel d&#039;Orleans -\",\"isPartOf\":{\"@id\":\"https:\/\/www.grand-hotel-orleans.fr\/es\/#website\"},\"datePublished\":\"2025-08-22T08:59:52+00:00\",\"dateModified\":\"2025-11-26T08:30:46+00:00\",\"description\":\"Habitaciones para todo tipo de estancias Al igual que Toulouse, cada una de nuestras habitaciones tiene su propio car\u00e1cter. Ninguna es igual a otra, pero todas ofrecen el mismo confort. Algunas dan a nuestro patio interior, otras al patio exterior y unas pocas a la calle, para aquellos a los que les gusta observar la ciudad. Ofrecemos varias categor\u00edas seg\u00fan sus necesidades: Individual: pr\u00e1ctica y c\u00f3moda para una estancia en solitario, con una cama individual. Cl\u00e1sica: sencilla y funcional, tranquila, en nuestro patio interior. Confort: un poco m\u00e1s espaciosa, animada en la calle o tranquila en el patio. Superior: espaciosa y elegante, ideal para quienes buscan m\u00e1s encanto y espacio. Habitaciones triples y familiares: perfectas para estancias con ni\u00f1os. Equipamiento para beb\u00e9s disponible bajo petici\u00f3n (cuna, cambiador, barreras para la cama, etc.). &nbsp; Disponemos de parking privado, situado a menos de 50 metros del hotel. Facilite su llegada y garantice su ubicaci\u00f3n reservando su lugar con antelaci\u00f3n en la recepci\u00f3n.\",\"breadcrumb\":{\"@id\":\"https:\/\/www.grand-hotel-orleans.fr\/es\/habitaciones\/#breadcrumb\"},\"inLanguage\":\"es\",\"potentialAction\":[{\"@type\":\"ReadAction\",\"target\":[\"https:\/\/www.grand-hotel-orleans.fr\/es\/habitaciones\/\"]}]},{\"@type\":\"BreadcrumbList\",\"@id\":\"https:\/\/www.grand-hotel-orleans.fr\/es\/habitaciones\/#breadcrumb\",\"itemListElement\":[{\"@type\":\"ListItem\",\"position\":1,\"name\":\"Home\",\"item\":\"https:\/\/www.grand-hotel-orleans.fr\/es\/\"},{\"@type\":\"ListItem\",\"position\":2,\"name\":\"Nuestras Habitaciones\"}]},{\"@type\":\"WebSite\",\"@id\":\"https:\/\/www.grand-hotel-orleans.fr\/es\/#website\",\"url\":\"https:\/\/www.grand-hotel-orleans.fr\/es\/\",\"name\":\"Grand H\u00f4tel d'Orleans\",\"description\":\"\",\"publisher\":{\"@id\":\"https:\/\/www.grand-hotel-orleans.fr\/es\/#organization\"},\"potentialAction\":[{\"@type\":\"SearchAction\",\"target\":{\"@type\":\"EntryPoint\",\"urlTemplate\":\"https:\/\/www.grand-hotel-orleans.fr\/es\/?s={search_term_string}\"},\"query-input\":\"required name=search_term_string\"}],\"inLanguage\":\"es\"},{\"@type\":\"Organization\",\"@id\":\"https:\/\/www.grand-hotel-orleans.fr\/es\/#organization\",\"name\":\"Grand H\u00f4tel d'Orleans\",\"url\":\"https:\/\/www.grand-hotel-orleans.fr\/es\/\",\"logo\":{\"@type\":\"ImageObject\",\"inLanguage\":\"es\",\"@id\":\"https:\/\/www.grand-hotel-orleans.fr\/es\/#\/schema\/logo\/image\/\",\"url\":\"https:\/\/www.grand-hotel-orleans.fr\/wp-content\/uploads\/sites\/266\/2025\/08\/GHO_LOGO-tres-haute-def-et-pixel.jpg\",\"contentUrl\":\"https:\/\/www.grand-hotel-orleans.fr\/wp-content\/uploads\/sites\/266\/2025\/08\/GHO_LOGO-tres-haute-def-et-pixel.jpg\",\"width\":1800,\"height\":975,\"caption\":\"Grand H\u00f4tel d'Orleans\"},\"image\":{\"@id\":\"https:\/\/www.grand-hotel-orleans.fr\/es\/#\/schema\/logo\/image\/\"},\"sameAs\":[\"https:\/\/www.facebook.com\/ghotoulouse\/?locale=fr_FR\",\"https:\/\/fr.linkedin.com\/company\/grand-hotel-orleans\",\"https:\/\/www.instagram.com\/gho_toulouse\/?hl=fr\"]}]}<\/script>\n<!-- \/ Yoast SEO plugin. -->","yoast_head_json":{"title":"Nuestras Habitaciones - Grand H\u00f4tel d&#039;Orleans -","description":"Habitaciones para todo tipo de estancias Al igual que Toulouse, cada una de nuestras habitaciones tiene su propio car\u00e1cter. Ninguna es igual a otra, pero todas ofrecen el mismo confort. Algunas dan a nuestro patio interior, otras al patio exterior y unas pocas a la calle, para aquellos a los que les gusta observar la ciudad.   Ofrecemos varias categor\u00edas seg\u00fan sus necesidades: Individual: pr\u00e1ctica y c\u00f3moda para una estancia en solitario, con una cama individual. Cl\u00e1sica: sencilla y funcional, tranquila, en nuestro patio interior. Confort: un poco m\u00e1s espaciosa, animada en la calle o tranquila en el patio. Superior: espaciosa y elegante, ideal para quienes buscan m\u00e1s encanto y espacio. Habitaciones triples y familiares: perfectas para estancias con ni\u00f1os. Equipamiento para beb\u00e9s disponible bajo petici\u00f3n (cuna, cambiador, barreras para la cama, etc.). &nbsp; Disponemos de parking privado, situado a menos de 50 metros del hotel. Facilite su llegada y garantice su ubicaci\u00f3n reservando su lugar con antelaci\u00f3n en la recepci\u00f3n.","robots":{"index":"index","follow":"follow","max-snippet":"max-snippet:-1","max-image-preview":"max-image-preview:large","max-video-preview":"max-video-preview:-1"},"canonical":"https:\/\/www.grand-hotel-orleans.fr\/es\/habitaciones\/","og_locale":"es_ES","og_type":"article","og_title":"Nuestras Habitaciones - Grand H\u00f4tel d&#039;Orleans -","og_description":"Habitaciones para todo tipo de estancias Al igual que Toulouse, cada una de nuestras habitaciones tiene su propio car\u00e1cter. Ninguna es igual a otra, pero todas ofrecen el mismo confort. Algunas dan a nuestro patio interior, otras al patio exterior y unas pocas a la calle, para aquellos a los que les gusta observar la ciudad.   Ofrecemos varias categor\u00edas seg\u00fan sus necesidades: Individual: pr\u00e1ctica y c\u00f3moda para una estancia en solitario, con una cama individual. Cl\u00e1sica: sencilla y funcional, tranquila, en nuestro patio interior. Confort: un poco m\u00e1s espaciosa, animada en la calle o tranquila en el patio. Superior: espaciosa y elegante, ideal para quienes buscan m\u00e1s encanto y espacio. Habitaciones triples y familiares: perfectas para estancias con ni\u00f1os. Equipamiento para beb\u00e9s disponible bajo petici\u00f3n (cuna, cambiador, barreras para la cama, etc.). &nbsp; Disponemos de parking privado, situado a menos de 50 metros del hotel. Facilite su llegada y garantice su ubicaci\u00f3n reservando su lugar con antelaci\u00f3n en la recepci\u00f3n.","og_url":"https:\/\/www.grand-hotel-orleans.fr\/es\/habitaciones\/","og_site_name":"Grand H\u00f4tel d&#039;Orleans","article_publisher":"https:\/\/www.facebook.com\/ghotoulouse\/?locale=fr_FR","article_modified_time":"2025-11-26T08:30:46+00:00","twitter_card":"summary_large_image","twitter_misc":{"Tiempo de lectura":"1 minuto"},"schema":{"@context":"https:\/\/schema.org","@graph":[{"@type":"WebPage","@id":"https:\/\/www.grand-hotel-orleans.fr\/es\/habitaciones\/","url":"https:\/\/www.grand-hotel-orleans.fr\/es\/habitaciones\/","name":"Nuestras Habitaciones - Grand H\u00f4tel d&#039;Orleans -","isPartOf":{"@id":"https:\/\/www.grand-hotel-orleans.fr\/es\/#website"},"datePublished":"2025-08-22T08:59:52+00:00","dateModified":"2025-11-26T08:30:46+00:00","description":"Habitaciones para todo tipo de estancias Al igual que Toulouse, cada una de nuestras habitaciones tiene su propio car\u00e1cter. Ninguna es igual a otra, pero todas ofrecen el mismo confort. Algunas dan a nuestro patio interior, otras al patio exterior y unas pocas a la calle, para aquellos a los que les gusta observar la ciudad. Ofrecemos varias categor\u00edas seg\u00fan sus necesidades: Individual: pr\u00e1ctica y c\u00f3moda para una estancia en solitario, con una cama individual. Cl\u00e1sica: sencilla y funcional, tranquila, en nuestro patio interior. Confort: un poco m\u00e1s espaciosa, animada en la calle o tranquila en el patio. Superior: espaciosa y elegante, ideal para quienes buscan m\u00e1s encanto y espacio. Habitaciones triples y familiares: perfectas para estancias con ni\u00f1os. Equipamiento para beb\u00e9s disponible bajo petici\u00f3n (cuna, cambiador, barreras para la cama, etc.). &nbsp; Disponemos de parking privado, situado a menos de 50 metros del hotel. Facilite su llegada y garantice su ubicaci\u00f3n reservando su lugar con antelaci\u00f3n en la recepci\u00f3n.","breadcrumb":{"@id":"https:\/\/www.grand-hotel-orleans.fr\/es\/habitaciones\/#breadcrumb"},"inLanguage":"es","potentialAction":[{"@type":"ReadAction","target":["https:\/\/www.grand-hotel-orleans.fr\/es\/habitaciones\/"]}]},{"@type":"BreadcrumbList","@id":"https:\/\/www.grand-hotel-orleans.fr\/es\/habitaciones\/#breadcrumb","itemListElement":[{"@type":"ListItem","position":1,"name":"Home","item":"https:\/\/www.grand-hotel-orleans.fr\/es\/"},{"@type":"ListItem","position":2,"name":"Nuestras Habitaciones"}]},{"@type":"WebSite","@id":"https:\/\/www.grand-hotel-orleans.fr\/es\/#website","url":"https:\/\/www.grand-hotel-orleans.fr\/es\/","name":"Grand H\u00f4tel d'Orleans","description":"","publisher":{"@id":"https:\/\/www.grand-hotel-orleans.fr\/es\/#organization"},"potentialAction":[{"@type":"SearchAction","target":{"@type":"EntryPoint","urlTemplate":"https:\/\/www.grand-hotel-orleans.fr\/es\/?s={search_term_string}"},"query-input":"required name=search_term_string"}],"inLanguage":"es"},{"@type":"Organization","@id":"https:\/\/www.grand-hotel-orleans.fr\/es\/#organization","name":"Grand H\u00f4tel d'Orleans","url":"https:\/\/www.grand-hotel-orleans.fr\/es\/","logo":{"@type":"ImageObject","inLanguage":"es","@id":"https:\/\/www.grand-hotel-orleans.fr\/es\/#\/schema\/logo\/image\/","url":"https:\/\/www.grand-hotel-orleans.fr\/wp-content\/uploads\/sites\/266\/2025\/08\/GHO_LOGO-tres-haute-def-et-pixel.jpg","contentUrl":"https:\/\/www.grand-hotel-orleans.fr\/wp-content\/uploads\/sites\/266\/2025\/08\/GHO_LOGO-tres-haute-def-et-pixel.jpg","width":1800,"height":975,"caption":"Grand H\u00f4tel d'Orleans"},"image":{"@id":"https:\/\/www.grand-hotel-orleans.fr\/es\/#\/schema\/logo\/image\/"},"sameAs":["https:\/\/www.facebook.com\/ghotoulouse\/?locale=fr_FR","https:\/\/fr.linkedin.com\/company\/grand-hotel-orleans","https:\/\/www.instagram.com\/gho_toulouse\/?hl=fr"]}]}},"acf":[],"_links":{"self":[{"href":"https:\/\/www.grand-hotel-orleans.fr\/es\/wp-json\/wp\/v2\/pages\/360"}],"collection":[{"href":"https:\/\/www.grand-hotel-orleans.fr\/es\/wp-json\/wp\/v2\/pages"}],"about":[{"href":"https:\/\/www.grand-hotel-orleans.fr\/es\/wp-json\/wp\/v2\/types\/page"}],"author":[{"embeddable":true,"href":"https:\/\/www.grand-hotel-orleans.fr\/es\/wp-json\/wp\/v2\/users\/27"}],"replies":[{"embeddable":true,"href":"https:\/\/www.grand-hotel-orleans.fr\/es\/wp-json\/wp\/v2\/comments?post=360"}],"version-history":[{"count":0,"href":"https:\/\/www.grand-hotel-orleans.fr\/es\/wp-json\/wp\/v2\/pages\/360\/revisions"}],"wp:attachment":[{"href":"https:\/\/www.grand-hotel-orleans.fr\/es\/wp-json\/wp\/v2\/media?parent=360"}],"curies":[{"name":"wp","href":"https:\/\/api.w.org\/{rel}","templated":true}]}}