{"id":359,"date":"2025-08-22T09:01:32","date_gmt":"2025-08-22T09:01:32","guid":{"rendered":"https:\/\/grand-hotel-dorleans-v2.ms2.decms.eu\/chambre-classique\/"},"modified":"2025-11-26T08:32:46","modified_gmt":"2025-11-26T08:32:46","slug":"habitacion-clasica","status":"publish","type":"page","link":"https:\/\/www.grand-hotel-orleans.fr\/es\/habitaciones\/habitacion-clasica\/","title":{"rendered":"Habitaci\u00f3n Cl\u00e1sica"},"content":{"rendered":"<p style=\"text-align: center;\">Acogedora habitaci\u00f3n con patio interior.<br \/>\nTodo lo necesario para disfrutar de una estancia encantadora en un entorno at\u00edpico en pleno centro de la ciudad de Toulouse.<\/p>\n","protected":false},"excerpt":{"rendered":"<p>Acogedora habitaci\u00f3n con patio interior. Todo lo necesario para disfrutar de una estancia encantadora en un entorno at\u00edpico en pleno centro de la ciudad de Toulouse.<\/p>\n","protected":false},"author":27,"featured_media":0,"parent":360,"menu_order":1,"comment_status":"closed","ping_status":"closed","template":"template-single-room.php","meta":{"footnotes":""},"yoast_head":"<!-- This site is optimized with the Yoast SEO plugin v22.3 - https:\/\/yoast.com\/wordpress\/plugins\/seo\/ -->\n<title>Habitaci\u00f3n Cl\u00e1sica - Grand H\u00f4tel d&#039;Orleans -<\/title>\n<meta name=\"description\" content=\"Acogedora habitaci\u00f3n con patio interior. Todo lo necesario para disfrutar de una estancia encantadora en un entorno at\u00edpico en pleno centro de la ciudad de Toulouse..\" \/>\n<meta name=\"robots\" content=\"index, follow, max-snippet:-1, max-image-preview:large, max-video-preview:-1\" \/>\n<link rel=\"canonical\" href=\"https:\/\/www.grand-hotel-orleans.fr\/es\/habitaciones\/habitacion-clasica\/\" \/>\n<meta property=\"og:locale\" content=\"es_ES\" \/>\n<meta property=\"og:type\" content=\"article\" \/>\n<meta property=\"og:title\" content=\"Habitaci\u00f3n Cl\u00e1sica - Grand H\u00f4tel d&#039;Orleans -\" \/>\n<meta property=\"og:description\" content=\"Acogedora habitaci\u00f3n con patio interior. Todo lo necesario para disfrutar de una estancia encantadora en un entorno at\u00edpico en pleno centro de la ciudad de Toulouse..\" \/>\n<meta property=\"og:url\" content=\"https:\/\/www.grand-hotel-orleans.fr\/es\/habitaciones\/habitacion-clasica\/\" \/>\n<meta property=\"og:site_name\" content=\"Grand H\u00f4tel d&#039;Orleans\" \/>\n<meta property=\"article:publisher\" content=\"https:\/\/www.facebook.com\/ghotoulouse\/?locale=fr_FR\" \/>\n<meta property=\"article:modified_time\" content=\"2025-11-26T08:32:46+00:00\" \/>\n<meta name=\"twitter:card\" content=\"summary_large_image\" \/>\n<meta name=\"twitter:label1\" content=\"Tiempo de lectura\" \/>\n\t<meta name=\"twitter:data1\" content=\"1 minuto\" \/>\n<script type=\"application\/ld+json\" class=\"yoast-schema-graph\">{\"@context\":\"https:\/\/schema.org\",\"@graph\":[{\"@type\":\"WebPage\",\"@id\":\"https:\/\/www.grand-hotel-orleans.fr\/es\/habitaciones\/habitacion-clasica\/\",\"url\":\"https:\/\/www.grand-hotel-orleans.fr\/es\/habitaciones\/habitacion-clasica\/\",\"name\":\"Habitaci\u00f3n Cl\u00e1sica - Grand H\u00f4tel d&#039;Orleans -\",\"isPartOf\":{\"@id\":\"https:\/\/www.grand-hotel-orleans.fr\/es\/#website\"},\"datePublished\":\"2025-08-22T09:01:32+00:00\",\"dateModified\":\"2025-11-26T08:32:46+00:00\",\"description\":\"Acogedora habitaci\u00f3n con patio interior. Todo lo necesario para disfrutar de una estancia encantadora en un entorno at\u00edpico en pleno centro de la ciudad de Toulouse. .\",\"breadcrumb\":{\"@id\":\"https:\/\/www.grand-hotel-orleans.fr\/es\/habitaciones\/habitacion-clasica\/#breadcrumb\"},\"inLanguage\":\"es\",\"potentialAction\":[{\"@type\":\"ReadAction\",\"target\":[\"https:\/\/www.grand-hotel-orleans.fr\/es\/habitaciones\/habitacion-clasica\/\"]}]},{\"@type\":\"BreadcrumbList\",\"@id\":\"https:\/\/www.grand-hotel-orleans.fr\/es\/habitaciones\/habitacion-clasica\/#breadcrumb\",\"itemListElement\":[{\"@type\":\"ListItem\",\"position\":1,\"name\":\"Home\",\"item\":\"https:\/\/www.grand-hotel-orleans.fr\/es\/\"},{\"@type\":\"ListItem\",\"position\":2,\"name\":\"Nuestras Habitaciones\",\"item\":\"https:\/\/www.grand-hotel-orleans.fr\/es\/habitaciones\/\"},{\"@type\":\"ListItem\",\"position\":3,\"name\":\"Habitaci\u00f3n Cl\u00e1sica\"}]},{\"@type\":\"WebSite\",\"@id\":\"https:\/\/www.grand-hotel-orleans.fr\/es\/#website\",\"url\":\"https:\/\/www.grand-hotel-orleans.fr\/es\/\",\"name\":\"Grand H\u00f4tel d'Orleans\",\"description\":\"\",\"publisher\":{\"@id\":\"https:\/\/www.grand-hotel-orleans.fr\/es\/#organization\"},\"potentialAction\":[{\"@type\":\"SearchAction\",\"target\":{\"@type\":\"EntryPoint\",\"urlTemplate\":\"https:\/\/www.grand-hotel-orleans.fr\/es\/?s={search_term_string}\"},\"query-input\":\"required name=search_term_string\"}],\"inLanguage\":\"es\"},{\"@type\":\"Organization\",\"@id\":\"https:\/\/www.grand-hotel-orleans.fr\/es\/#organization\",\"name\":\"Grand H\u00f4tel d'Orleans\",\"url\":\"https:\/\/www.grand-hotel-orleans.fr\/es\/\",\"logo\":{\"@type\":\"ImageObject\",\"inLanguage\":\"es\",\"@id\":\"https:\/\/www.grand-hotel-orleans.fr\/es\/#\/schema\/logo\/image\/\",\"url\":\"https:\/\/www.grand-hotel-orleans.fr\/wp-content\/uploads\/sites\/266\/2025\/08\/GHO_LOGO-tres-haute-def-et-pixel.jpg\",\"contentUrl\":\"https:\/\/www.grand-hotel-orleans.fr\/wp-content\/uploads\/sites\/266\/2025\/08\/GHO_LOGO-tres-haute-def-et-pixel.jpg\",\"width\":1800,\"height\":975,\"caption\":\"Grand H\u00f4tel d'Orleans\"},\"image\":{\"@id\":\"https:\/\/www.grand-hotel-orleans.fr\/es\/#\/schema\/logo\/image\/\"},\"sameAs\":[\"https:\/\/www.facebook.com\/ghotoulouse\/?locale=fr_FR\",\"https:\/\/fr.linkedin.com\/company\/grand-hotel-orleans\",\"https:\/\/www.instagram.com\/gho_toulouse\/?hl=fr\"]}]}<\/script>\n<!-- \/ Yoast SEO plugin. -->","yoast_head_json":{"title":"Habitaci\u00f3n Cl\u00e1sica - Grand H\u00f4tel d&#039;Orleans -","description":"Acogedora habitaci\u00f3n con patio interior. Todo lo necesario para disfrutar de una estancia encantadora en un entorno at\u00edpico en pleno centro de la ciudad de Toulouse..","robots":{"index":"index","follow":"follow","max-snippet":"max-snippet:-1","max-image-preview":"max-image-preview:large","max-video-preview":"max-video-preview:-1"},"canonical":"https:\/\/www.grand-hotel-orleans.fr\/es\/habitaciones\/habitacion-clasica\/","og_locale":"es_ES","og_type":"article","og_title":"Habitaci\u00f3n Cl\u00e1sica - Grand H\u00f4tel d&#039;Orleans -","og_description":"Acogedora habitaci\u00f3n con patio interior. Todo lo necesario para disfrutar de una estancia encantadora en un entorno at\u00edpico en pleno centro de la ciudad de Toulouse..","og_url":"https:\/\/www.grand-hotel-orleans.fr\/es\/habitaciones\/habitacion-clasica\/","og_site_name":"Grand H\u00f4tel d&#039;Orleans","article_publisher":"https:\/\/www.facebook.com\/ghotoulouse\/?locale=fr_FR","article_modified_time":"2025-11-26T08:32:46+00:00","twitter_card":"summary_large_image","twitter_misc":{"Tiempo de lectura":"1 minuto"},"schema":{"@context":"https:\/\/schema.org","@graph":[{"@type":"WebPage","@id":"https:\/\/www.grand-hotel-orleans.fr\/es\/habitaciones\/habitacion-clasica\/","url":"https:\/\/www.grand-hotel-orleans.fr\/es\/habitaciones\/habitacion-clasica\/","name":"Habitaci\u00f3n Cl\u00e1sica - Grand H\u00f4tel d&#039;Orleans -","isPartOf":{"@id":"https:\/\/www.grand-hotel-orleans.fr\/es\/#website"},"datePublished":"2025-08-22T09:01:32+00:00","dateModified":"2025-11-26T08:32:46+00:00","description":"Acogedora habitaci\u00f3n con patio interior. Todo lo necesario para disfrutar de una estancia encantadora en un entorno at\u00edpico en pleno centro de la ciudad de Toulouse. .","breadcrumb":{"@id":"https:\/\/www.grand-hotel-orleans.fr\/es\/habitaciones\/habitacion-clasica\/#breadcrumb"},"inLanguage":"es","potentialAction":[{"@type":"ReadAction","target":["https:\/\/www.grand-hotel-orleans.fr\/es\/habitaciones\/habitacion-clasica\/"]}]},{"@type":"BreadcrumbList","@id":"https:\/\/www.grand-hotel-orleans.fr\/es\/habitaciones\/habitacion-clasica\/#breadcrumb","itemListElement":[{"@type":"ListItem","position":1,"name":"Home","item":"https:\/\/www.grand-hotel-orleans.fr\/es\/"},{"@type":"ListItem","position":2,"name":"Nuestras Habitaciones","item":"https:\/\/www.grand-hotel-orleans.fr\/es\/habitaciones\/"},{"@type":"ListItem","position":3,"name":"Habitaci\u00f3n Cl\u00e1sica"}]},{"@type":"WebSite","@id":"https:\/\/www.grand-hotel-orleans.fr\/es\/#website","url":"https:\/\/www.grand-hotel-orleans.fr\/es\/","name":"Grand H\u00f4tel d'Orleans","description":"","publisher":{"@id":"https:\/\/www.grand-hotel-orleans.fr\/es\/#organization"},"potentialAction":[{"@type":"SearchAction","target":{"@type":"EntryPoint","urlTemplate":"https:\/\/www.grand-hotel-orleans.fr\/es\/?s={search_term_string}"},"query-input":"required name=search_term_string"}],"inLanguage":"es"},{"@type":"Organization","@id":"https:\/\/www.grand-hotel-orleans.fr\/es\/#organization","name":"Grand H\u00f4tel d'Orleans","url":"https:\/\/www.grand-hotel-orleans.fr\/es\/","logo":{"@type":"ImageObject","inLanguage":"es","@id":"https:\/\/www.grand-hotel-orleans.fr\/es\/#\/schema\/logo\/image\/","url":"https:\/\/www.grand-hotel-orleans.fr\/wp-content\/uploads\/sites\/266\/2025\/08\/GHO_LOGO-tres-haute-def-et-pixel.jpg","contentUrl":"https:\/\/www.grand-hotel-orleans.fr\/wp-content\/uploads\/sites\/266\/2025\/08\/GHO_LOGO-tres-haute-def-et-pixel.jpg","width":1800,"height":975,"caption":"Grand H\u00f4tel d'Orleans"},"image":{"@id":"https:\/\/www.grand-hotel-orleans.fr\/es\/#\/schema\/logo\/image\/"},"sameAs":["https:\/\/www.facebook.com\/ghotoulouse\/?locale=fr_FR","https:\/\/fr.linkedin.com\/company\/grand-hotel-orleans","https:\/\/www.instagram.com\/gho_toulouse\/?hl=fr"]}]}},"acf":[],"_links":{"self":[{"href":"https:\/\/www.grand-hotel-orleans.fr\/es\/wp-json\/wp\/v2\/pages\/359"}],"collection":[{"href":"https:\/\/www.grand-hotel-orleans.fr\/es\/wp-json\/wp\/v2\/pages"}],"about":[{"href":"https:\/\/www.grand-hotel-orleans.fr\/es\/wp-json\/wp\/v2\/types\/page"}],"author":[{"embeddable":true,"href":"https:\/\/www.grand-hotel-orleans.fr\/es\/wp-json\/wp\/v2\/users\/27"}],"replies":[{"embeddable":true,"href":"https:\/\/www.grand-hotel-orleans.fr\/es\/wp-json\/wp\/v2\/comments?post=359"}],"version-history":[{"count":0,"href":"https:\/\/www.grand-hotel-orleans.fr\/es\/wp-json\/wp\/v2\/pages\/359\/revisions"}],"up":[{"embeddable":true,"href":"https:\/\/www.grand-hotel-orleans.fr\/es\/wp-json\/wp\/v2\/pages\/360"}],"wp:attachment":[{"href":"https:\/\/www.grand-hotel-orleans.fr\/es\/wp-json\/wp\/v2\/media?parent=359"}],"curies":[{"name":"wp","href":"https:\/\/api.w.org\/{rel}","templated":true}]}}