{"id":350,"date":"2025-08-26T13:42:46","date_gmt":"2025-08-26T13:42:46","guid":{"rendered":"https:\/\/grand-hotel-dorleans-v2.ms2.decms.eu\/repas-daffaires-et-de-groupes\/"},"modified":"2026-01-06T07:35:55","modified_gmt":"2026-01-06T07:35:55","slug":"comidas-de-negocios-y-para-colectivos","status":"publish","type":"page","link":"https:\/\/www.grand-hotel-orleans.fr\/es\/la-ripaille-cerveceria-de-la-estacion\/comidas-de-negocios-y-para-colectivos\/","title":{"rendered":"Comidas de negocios y para colectivos"},"content":{"rendered":"<p style=\"text-align: center\"><span style=\"font-weight: 400\">Gr\u00e2ce \u00e0 sa grande capacit\u00e9 d\u2019accueil, La Ripaille est une adresse de choix pour vos repas d\u2019affaires, rendez-vous professionnels et \u00e9v\u00e9nements de groupe \u00e0 Toulouse<\/span><\/p>\n<p style=\"text-align: center\"><span style=\"font-weight: 400\">Pourquoi ne pas transformer vos r\u00e9unions en moments de convivialit\u00e9 ?<\/span><\/p>\n<p style=\"text-align: center\"><span style=\"font-weight: 400\">Petit-d\u00e9jeuner, d\u00e9jeuner ou d\u00eener, nous mettons \u00e0 votre disposition diff\u00e9rents espaces en privatisation, selon vos besoins.<\/span><\/p>\n","protected":false},"excerpt":{"rendered":"<p>Gr\u00e2ce \u00e0 sa grande capacit\u00e9 d\u2019accueil, La Ripaille est une adresse de choix pour vos repas d\u2019affaires, rendez-vous professionnels et \u00e9v\u00e9nements de groupe \u00e0 Toulouse Pourquoi ne pas transformer vos r\u00e9unions en moments de convivialit\u00e9 ? Petit-d\u00e9jeuner, d\u00e9jeuner ou d\u00eener, nous mettons \u00e0 votre disposition diff\u00e9rents espaces en privatisation, selon vos besoins.<\/p>\n","protected":false},"author":27,"featured_media":0,"parent":353,"menu_order":1,"comment_status":"closed","ping_status":"closed","template":"template-single-restaurant-2.php","meta":{"footnotes":""},"yoast_head":"<!-- This site is optimized with the Yoast SEO plugin v22.3 - https:\/\/yoast.com\/wordpress\/plugins\/seo\/ -->\n<title>Comidas de negocios y para colectivos - Grand H\u00f4tel d&#039;Orleans -<\/title>\n<meta name=\"description\" content=\"Gr\u00e2ce \u00e0 sa grande capacit\u00e9 d\u2019accueil, La Ripaille est une adresse de choix pour vos repas d\u2019affaires, rendez-vous professionnels et \u00e9v\u00e9nements de groupe \u00e0 Toulouse Pourquoi ne pas transformer vos r\u00e9unions en moments de convivialit\u00e9 ? Petit-d\u00e9jeuner, d\u00e9jeuner ou d\u00eener, nous mettons \u00e0 votre disposition diff\u00e9rents espaces en privatisation, selon vos besoins..\" \/>\n<meta name=\"robots\" content=\"index, follow, max-snippet:-1, max-image-preview:large, max-video-preview:-1\" \/>\n<link rel=\"canonical\" href=\"https:\/\/www.grand-hotel-orleans.fr\/es\/la-ripaille-cerveceria-de-la-estacion\/comidas-de-negocios-y-para-colectivos\/\" \/>\n<meta property=\"og:locale\" content=\"es_ES\" \/>\n<meta property=\"og:type\" content=\"article\" \/>\n<meta property=\"og:title\" content=\"Comidas de negocios y para colectivos - Grand H\u00f4tel d&#039;Orleans -\" \/>\n<meta property=\"og:description\" content=\"Gr\u00e2ce \u00e0 sa grande capacit\u00e9 d\u2019accueil, La Ripaille est une adresse de choix pour vos repas d\u2019affaires, rendez-vous professionnels et \u00e9v\u00e9nements de groupe \u00e0 Toulouse Pourquoi ne pas transformer vos r\u00e9unions en moments de convivialit\u00e9 ? Petit-d\u00e9jeuner, d\u00e9jeuner ou d\u00eener, nous mettons \u00e0 votre disposition diff\u00e9rents espaces en privatisation, selon vos besoins..\" \/>\n<meta property=\"og:url\" content=\"https:\/\/www.grand-hotel-orleans.fr\/es\/la-ripaille-cerveceria-de-la-estacion\/comidas-de-negocios-y-para-colectivos\/\" \/>\n<meta property=\"og:site_name\" content=\"Grand H\u00f4tel d&#039;Orleans\" \/>\n<meta property=\"article:publisher\" content=\"https:\/\/www.facebook.com\/ghotoulouse\/?locale=fr_FR\" \/>\n<meta property=\"article:modified_time\" content=\"2026-01-06T07:35:55+00:00\" \/>\n<meta name=\"twitter:card\" content=\"summary_large_image\" \/>\n<meta name=\"twitter:label1\" content=\"Tiempo de lectura\" \/>\n\t<meta name=\"twitter:data1\" content=\"1 minuto\" \/>\n<script type=\"application\/ld+json\" class=\"yoast-schema-graph\">{\"@context\":\"https:\/\/schema.org\",\"@graph\":[{\"@type\":\"WebPage\",\"@id\":\"https:\/\/www.grand-hotel-orleans.fr\/es\/la-ripaille-cerveceria-de-la-estacion\/comidas-de-negocios-y-para-colectivos\/\",\"url\":\"https:\/\/www.grand-hotel-orleans.fr\/es\/la-ripaille-cerveceria-de-la-estacion\/comidas-de-negocios-y-para-colectivos\/\",\"name\":\"Comidas de negocios y para colectivos - Grand H\u00f4tel d&#039;Orleans -\",\"isPartOf\":{\"@id\":\"https:\/\/www.grand-hotel-orleans.fr\/es\/#website\"},\"datePublished\":\"2025-08-26T13:42:46+00:00\",\"dateModified\":\"2026-01-06T07:35:55+00:00\",\"description\":\"Gr\u00e2ce \u00e0 sa grande capacit\u00e9 d\u2019accueil, La Ripaille est une adresse de choix pour vos repas d\u2019affaires, rendez-vous professionnels et \u00e9v\u00e9nements de groupe \u00e0 Toulouse Pourquoi ne pas transformer vos r\u00e9unions en moments de convivialit\u00e9 ? Petit-d\u00e9jeuner, d\u00e9jeuner ou d\u00eener, nous mettons \u00e0 votre disposition diff\u00e9rents espaces en privatisation, selon vos besoins. .\",\"breadcrumb\":{\"@id\":\"https:\/\/www.grand-hotel-orleans.fr\/es\/la-ripaille-cerveceria-de-la-estacion\/comidas-de-negocios-y-para-colectivos\/#breadcrumb\"},\"inLanguage\":\"es\",\"potentialAction\":[{\"@type\":\"ReadAction\",\"target\":[\"https:\/\/www.grand-hotel-orleans.fr\/es\/la-ripaille-cerveceria-de-la-estacion\/comidas-de-negocios-y-para-colectivos\/\"]}]},{\"@type\":\"BreadcrumbList\",\"@id\":\"https:\/\/www.grand-hotel-orleans.fr\/es\/la-ripaille-cerveceria-de-la-estacion\/comidas-de-negocios-y-para-colectivos\/#breadcrumb\",\"itemListElement\":[{\"@type\":\"ListItem\",\"position\":1,\"name\":\"Home\",\"item\":\"https:\/\/www.grand-hotel-orleans.fr\/es\/\"},{\"@type\":\"ListItem\",\"position\":2,\"name\":\"La Ripaille : Cervecer\u00eda de la estaci\u00f3n\",\"item\":\"https:\/\/www.grand-hotel-orleans.fr\/es\/la-ripaille-cerveceria-de-la-estacion\/\"},{\"@type\":\"ListItem\",\"position\":3,\"name\":\"Comidas de negocios y para colectivos\"}]},{\"@type\":\"WebSite\",\"@id\":\"https:\/\/www.grand-hotel-orleans.fr\/es\/#website\",\"url\":\"https:\/\/www.grand-hotel-orleans.fr\/es\/\",\"name\":\"Grand H\u00f4tel d'Orleans\",\"description\":\"\",\"publisher\":{\"@id\":\"https:\/\/www.grand-hotel-orleans.fr\/es\/#organization\"},\"potentialAction\":[{\"@type\":\"SearchAction\",\"target\":{\"@type\":\"EntryPoint\",\"urlTemplate\":\"https:\/\/www.grand-hotel-orleans.fr\/es\/?s={search_term_string}\"},\"query-input\":\"required name=search_term_string\"}],\"inLanguage\":\"es\"},{\"@type\":\"Organization\",\"@id\":\"https:\/\/www.grand-hotel-orleans.fr\/es\/#organization\",\"name\":\"Grand H\u00f4tel d'Orleans\",\"url\":\"https:\/\/www.grand-hotel-orleans.fr\/es\/\",\"logo\":{\"@type\":\"ImageObject\",\"inLanguage\":\"es\",\"@id\":\"https:\/\/www.grand-hotel-orleans.fr\/es\/#\/schema\/logo\/image\/\",\"url\":\"https:\/\/www.grand-hotel-orleans.fr\/wp-content\/uploads\/sites\/266\/2025\/08\/GHO_LOGO-tres-haute-def-et-pixel.jpg\",\"contentUrl\":\"https:\/\/www.grand-hotel-orleans.fr\/wp-content\/uploads\/sites\/266\/2025\/08\/GHO_LOGO-tres-haute-def-et-pixel.jpg\",\"width\":1800,\"height\":975,\"caption\":\"Grand H\u00f4tel d'Orleans\"},\"image\":{\"@id\":\"https:\/\/www.grand-hotel-orleans.fr\/es\/#\/schema\/logo\/image\/\"},\"sameAs\":[\"https:\/\/www.facebook.com\/ghotoulouse\/?locale=fr_FR\",\"https:\/\/fr.linkedin.com\/company\/grand-hotel-orleans\",\"https:\/\/www.instagram.com\/gho_toulouse\/?hl=fr\"]}]}<\/script>\n<!-- \/ Yoast SEO plugin. -->","yoast_head_json":{"title":"Comidas de negocios y para colectivos - Grand H\u00f4tel d&#039;Orleans -","description":"Gr\u00e2ce \u00e0 sa grande capacit\u00e9 d\u2019accueil, La Ripaille est une adresse de choix pour vos repas d\u2019affaires, rendez-vous professionnels et \u00e9v\u00e9nements de groupe \u00e0 Toulouse Pourquoi ne pas transformer vos r\u00e9unions en moments de convivialit\u00e9 ? Petit-d\u00e9jeuner, d\u00e9jeuner ou d\u00eener, nous mettons \u00e0 votre disposition diff\u00e9rents espaces en privatisation, selon vos besoins..","robots":{"index":"index","follow":"follow","max-snippet":"max-snippet:-1","max-image-preview":"max-image-preview:large","max-video-preview":"max-video-preview:-1"},"canonical":"https:\/\/www.grand-hotel-orleans.fr\/es\/la-ripaille-cerveceria-de-la-estacion\/comidas-de-negocios-y-para-colectivos\/","og_locale":"es_ES","og_type":"article","og_title":"Comidas de negocios y para colectivos - Grand H\u00f4tel d&#039;Orleans -","og_description":"Gr\u00e2ce \u00e0 sa grande capacit\u00e9 d\u2019accueil, La Ripaille est une adresse de choix pour vos repas d\u2019affaires, rendez-vous professionnels et \u00e9v\u00e9nements de groupe \u00e0 Toulouse Pourquoi ne pas transformer vos r\u00e9unions en moments de convivialit\u00e9 ? Petit-d\u00e9jeuner, d\u00e9jeuner ou d\u00eener, nous mettons \u00e0 votre disposition diff\u00e9rents espaces en privatisation, selon vos besoins..","og_url":"https:\/\/www.grand-hotel-orleans.fr\/es\/la-ripaille-cerveceria-de-la-estacion\/comidas-de-negocios-y-para-colectivos\/","og_site_name":"Grand H\u00f4tel d&#039;Orleans","article_publisher":"https:\/\/www.facebook.com\/ghotoulouse\/?locale=fr_FR","article_modified_time":"2026-01-06T07:35:55+00:00","twitter_card":"summary_large_image","twitter_misc":{"Tiempo de lectura":"1 minuto"},"schema":{"@context":"https:\/\/schema.org","@graph":[{"@type":"WebPage","@id":"https:\/\/www.grand-hotel-orleans.fr\/es\/la-ripaille-cerveceria-de-la-estacion\/comidas-de-negocios-y-para-colectivos\/","url":"https:\/\/www.grand-hotel-orleans.fr\/es\/la-ripaille-cerveceria-de-la-estacion\/comidas-de-negocios-y-para-colectivos\/","name":"Comidas de negocios y para colectivos - Grand H\u00f4tel d&#039;Orleans -","isPartOf":{"@id":"https:\/\/www.grand-hotel-orleans.fr\/es\/#website"},"datePublished":"2025-08-26T13:42:46+00:00","dateModified":"2026-01-06T07:35:55+00:00","description":"Gr\u00e2ce \u00e0 sa grande capacit\u00e9 d\u2019accueil, La Ripaille est une adresse de choix pour vos repas d\u2019affaires, rendez-vous professionnels et \u00e9v\u00e9nements de groupe \u00e0 Toulouse Pourquoi ne pas transformer vos r\u00e9unions en moments de convivialit\u00e9 ? Petit-d\u00e9jeuner, d\u00e9jeuner ou d\u00eener, nous mettons \u00e0 votre disposition diff\u00e9rents espaces en privatisation, selon vos besoins. .","breadcrumb":{"@id":"https:\/\/www.grand-hotel-orleans.fr\/es\/la-ripaille-cerveceria-de-la-estacion\/comidas-de-negocios-y-para-colectivos\/#breadcrumb"},"inLanguage":"es","potentialAction":[{"@type":"ReadAction","target":["https:\/\/www.grand-hotel-orleans.fr\/es\/la-ripaille-cerveceria-de-la-estacion\/comidas-de-negocios-y-para-colectivos\/"]}]},{"@type":"BreadcrumbList","@id":"https:\/\/www.grand-hotel-orleans.fr\/es\/la-ripaille-cerveceria-de-la-estacion\/comidas-de-negocios-y-para-colectivos\/#breadcrumb","itemListElement":[{"@type":"ListItem","position":1,"name":"Home","item":"https:\/\/www.grand-hotel-orleans.fr\/es\/"},{"@type":"ListItem","position":2,"name":"La Ripaille : Cervecer\u00eda de la estaci\u00f3n","item":"https:\/\/www.grand-hotel-orleans.fr\/es\/la-ripaille-cerveceria-de-la-estacion\/"},{"@type":"ListItem","position":3,"name":"Comidas de negocios y para colectivos"}]},{"@type":"WebSite","@id":"https:\/\/www.grand-hotel-orleans.fr\/es\/#website","url":"https:\/\/www.grand-hotel-orleans.fr\/es\/","name":"Grand H\u00f4tel d'Orleans","description":"","publisher":{"@id":"https:\/\/www.grand-hotel-orleans.fr\/es\/#organization"},"potentialAction":[{"@type":"SearchAction","target":{"@type":"EntryPoint","urlTemplate":"https:\/\/www.grand-hotel-orleans.fr\/es\/?s={search_term_string}"},"query-input":"required name=search_term_string"}],"inLanguage":"es"},{"@type":"Organization","@id":"https:\/\/www.grand-hotel-orleans.fr\/es\/#organization","name":"Grand H\u00f4tel d'Orleans","url":"https:\/\/www.grand-hotel-orleans.fr\/es\/","logo":{"@type":"ImageObject","inLanguage":"es","@id":"https:\/\/www.grand-hotel-orleans.fr\/es\/#\/schema\/logo\/image\/","url":"https:\/\/www.grand-hotel-orleans.fr\/wp-content\/uploads\/sites\/266\/2025\/08\/GHO_LOGO-tres-haute-def-et-pixel.jpg","contentUrl":"https:\/\/www.grand-hotel-orleans.fr\/wp-content\/uploads\/sites\/266\/2025\/08\/GHO_LOGO-tres-haute-def-et-pixel.jpg","width":1800,"height":975,"caption":"Grand H\u00f4tel d'Orleans"},"image":{"@id":"https:\/\/www.grand-hotel-orleans.fr\/es\/#\/schema\/logo\/image\/"},"sameAs":["https:\/\/www.facebook.com\/ghotoulouse\/?locale=fr_FR","https:\/\/fr.linkedin.com\/company\/grand-hotel-orleans","https:\/\/www.instagram.com\/gho_toulouse\/?hl=fr"]}]}},"acf":[],"_links":{"self":[{"href":"https:\/\/www.grand-hotel-orleans.fr\/es\/wp-json\/wp\/v2\/pages\/350"}],"collection":[{"href":"https:\/\/www.grand-hotel-orleans.fr\/es\/wp-json\/wp\/v2\/pages"}],"about":[{"href":"https:\/\/www.grand-hotel-orleans.fr\/es\/wp-json\/wp\/v2\/types\/page"}],"author":[{"embeddable":true,"href":"https:\/\/www.grand-hotel-orleans.fr\/es\/wp-json\/wp\/v2\/users\/27"}],"replies":[{"embeddable":true,"href":"https:\/\/www.grand-hotel-orleans.fr\/es\/wp-json\/wp\/v2\/comments?post=350"}],"version-history":[{"count":0,"href":"https:\/\/www.grand-hotel-orleans.fr\/es\/wp-json\/wp\/v2\/pages\/350\/revisions"}],"up":[{"embeddable":true,"href":"https:\/\/www.grand-hotel-orleans.fr\/es\/wp-json\/wp\/v2\/pages\/353"}],"wp:attachment":[{"href":"https:\/\/www.grand-hotel-orleans.fr\/es\/wp-json\/wp\/v2\/media?parent=350"}],"curies":[{"name":"wp","href":"https:\/\/api.w.org\/{rel}","templated":true}]}}