{"id":346,"date":"2025-08-26T14:08:17","date_gmt":"2025-08-26T14:08:17","guid":{"rendered":"https:\/\/grand-hotel-dorleans-v2.ms2.decms.eu\/les-seminaires-du-grand-hotel-dorleans\/"},"modified":"2025-11-25T16:53:00","modified_gmt":"2025-11-25T16:53:00","slug":"los-seminarios-del-grand-hotel-dorleans","status":"publish","type":"page","link":"https:\/\/www.grand-hotel-orleans.fr\/es\/los-seminarios-del-grand-hotel-dorleans\/","title":{"rendered":"Los seminarios del Grand H\u00f4tel d&#8217;Orl\u00e9ans"},"content":{"rendered":"<p style=\"text-align: center;\">A dos pasos de la estaci\u00f3n de trenes SNCF Matabiau, el Grand h\u00f4tel d\u2019Orl\u00e9ans esta situado en el coraz\u00f3n historico de Toulouse.<\/p>\n<p style=\"text-align: center;\">Desde 1956, tres generaciones de hoteleros se han esforzado para acogerlos en el seno de su establecimiento. Desde hace 10 a\u00f1os hasta hoy, este viejo relevo de diligencia se especializa en seminarios y en organizacion de grupos y convenciones. C\u00e9line, Brigitte Hugounet y todo el equipo lo ayudar\u00e1n a organizar su estancia o su d\u00eda de seminarios.<\/p>\n<p style=\"text-align: center;\">Este encantador hotel le brindar\u00e1 todas las comodidades y le ofrecer\u00e1 una c\u00e1lida bienvenida y una buena relaci\u00f3n en la calidad-precio para una estancia de negocios perfecta en nuestra ciudad.<br \/>\n\u00a1Bienvenido a Toulouse!<\/p>\n","protected":false},"excerpt":{"rendered":"<p>A dos pasos de la estaci\u00f3n de trenes SNCF Matabiau, el Grand h\u00f4tel d\u2019Orl\u00e9ans esta situado en el coraz\u00f3n historico de Toulouse. Desde 1956, tres generaciones de hoteleros se han esforzado para acogerlos en el seno de su establecimiento. Desde hace 10 a\u00f1os hasta hoy, este viejo relevo de diligencia se especializa en seminarios y [&hellip;]<\/p>\n","protected":false},"author":27,"featured_media":0,"parent":0,"menu_order":4,"comment_status":"closed","ping_status":"closed","template":"template-meeting.php","meta":{"footnotes":""},"yoast_head":"<!-- This site is optimized with the Yoast SEO plugin v22.3 - https:\/\/yoast.com\/wordpress\/plugins\/seo\/ -->\n<title>Los seminarios del Grand H\u00f4tel d&#039;Orl\u00e9ans - Grand H\u00f4tel d&#039;Orleans -<\/title>\n<meta name=\"description\" content=\"A dos pasos de la estaci\u00f3n de trenes SNCF Matabiau, el Grand h\u00f4tel d\u2019Orl\u00e9ans esta situado en el coraz\u00f3n historico de Toulouse. Desde 1956, tres generaciones de hoteleros se han esforzado para acogerlos en el seno de su establecimiento. Desde hace 10 a\u00f1os hasta hoy, este viejo relevo de diligencia se especializa en seminarios y en organizacion de grupos y convenciones\" \/>\n<meta name=\"robots\" content=\"index, follow, max-snippet:-1, max-image-preview:large, max-video-preview:-1\" \/>\n<link rel=\"canonical\" href=\"https:\/\/www.grand-hotel-orleans.fr\/es\/los-seminarios-del-grand-hotel-dorleans\/\" \/>\n<meta property=\"og:locale\" content=\"es_ES\" \/>\n<meta property=\"og:type\" content=\"article\" \/>\n<meta property=\"og:title\" content=\"Los seminarios del Grand H\u00f4tel d&#039;Orl\u00e9ans - Grand H\u00f4tel d&#039;Orleans -\" \/>\n<meta property=\"og:description\" content=\"A dos pasos de la estaci\u00f3n de trenes SNCF Matabiau, el Grand h\u00f4tel d\u2019Orl\u00e9ans esta situado en el coraz\u00f3n historico de Toulouse. Desde 1956, tres generaciones de hoteleros se han esforzado para acogerlos en el seno de su establecimiento. Desde hace 10 a\u00f1os hasta hoy, este viejo relevo de diligencia se especializa en seminarios y en organizacion de grupos y convenciones\" \/>\n<meta property=\"og:url\" content=\"https:\/\/www.grand-hotel-orleans.fr\/es\/los-seminarios-del-grand-hotel-dorleans\/\" \/>\n<meta property=\"og:site_name\" content=\"Grand H\u00f4tel d&#039;Orleans\" \/>\n<meta property=\"article:publisher\" content=\"https:\/\/www.facebook.com\/ghotoulouse\/?locale=fr_FR\" \/>\n<meta property=\"article:modified_time\" content=\"2025-11-25T16:53:00+00:00\" \/>\n<meta name=\"twitter:card\" content=\"summary_large_image\" \/>\n<meta name=\"twitter:label1\" content=\"Tiempo de lectura\" \/>\n\t<meta name=\"twitter:data1\" content=\"1 minuto\" \/>\n<script type=\"application\/ld+json\" class=\"yoast-schema-graph\">{\"@context\":\"https:\/\/schema.org\",\"@graph\":[{\"@type\":\"WebPage\",\"@id\":\"https:\/\/www.grand-hotel-orleans.fr\/es\/los-seminarios-del-grand-hotel-dorleans\/\",\"url\":\"https:\/\/www.grand-hotel-orleans.fr\/es\/los-seminarios-del-grand-hotel-dorleans\/\",\"name\":\"Los seminarios del Grand H\u00f4tel d'Orl\u00e9ans - Grand H\u00f4tel d&#039;Orleans -\",\"isPartOf\":{\"@id\":\"https:\/\/www.grand-hotel-orleans.fr\/es\/#website\"},\"datePublished\":\"2025-08-26T14:08:17+00:00\",\"dateModified\":\"2025-11-25T16:53:00+00:00\",\"description\":\"A dos pasos de la estaci\u00f3n de trenes SNCF Matabiau, el Grand h\u00f4tel d\u2019Orl\u00e9ans esta situado en el coraz\u00f3n historico de Toulouse. Desde 1956, tres generaciones de hoteleros se han esforzado para acogerlos en el seno de su establecimiento. Desde hace 10 a\u00f1os hasta hoy, este viejo relevo de diligencia se especializa en seminarios y en organizacion de grupos y convenciones\",\"breadcrumb\":{\"@id\":\"https:\/\/www.grand-hotel-orleans.fr\/es\/los-seminarios-del-grand-hotel-dorleans\/#breadcrumb\"},\"inLanguage\":\"es\",\"potentialAction\":[{\"@type\":\"ReadAction\",\"target\":[\"https:\/\/www.grand-hotel-orleans.fr\/es\/los-seminarios-del-grand-hotel-dorleans\/\"]}]},{\"@type\":\"BreadcrumbList\",\"@id\":\"https:\/\/www.grand-hotel-orleans.fr\/es\/los-seminarios-del-grand-hotel-dorleans\/#breadcrumb\",\"itemListElement\":[{\"@type\":\"ListItem\",\"position\":1,\"name\":\"Home\",\"item\":\"https:\/\/www.grand-hotel-orleans.fr\/es\/\"},{\"@type\":\"ListItem\",\"position\":2,\"name\":\"Los seminarios del Grand H\u00f4tel d&#8217;Orl\u00e9ans\"}]},{\"@type\":\"WebSite\",\"@id\":\"https:\/\/www.grand-hotel-orleans.fr\/es\/#website\",\"url\":\"https:\/\/www.grand-hotel-orleans.fr\/es\/\",\"name\":\"Grand H\u00f4tel d'Orleans\",\"description\":\"\",\"publisher\":{\"@id\":\"https:\/\/www.grand-hotel-orleans.fr\/es\/#organization\"},\"potentialAction\":[{\"@type\":\"SearchAction\",\"target\":{\"@type\":\"EntryPoint\",\"urlTemplate\":\"https:\/\/www.grand-hotel-orleans.fr\/es\/?s={search_term_string}\"},\"query-input\":\"required name=search_term_string\"}],\"inLanguage\":\"es\"},{\"@type\":\"Organization\",\"@id\":\"https:\/\/www.grand-hotel-orleans.fr\/es\/#organization\",\"name\":\"Grand H\u00f4tel d'Orleans\",\"url\":\"https:\/\/www.grand-hotel-orleans.fr\/es\/\",\"logo\":{\"@type\":\"ImageObject\",\"inLanguage\":\"es\",\"@id\":\"https:\/\/www.grand-hotel-orleans.fr\/es\/#\/schema\/logo\/image\/\",\"url\":\"https:\/\/www.grand-hotel-orleans.fr\/wp-content\/uploads\/sites\/266\/2025\/08\/GHO_LOGO-tres-haute-def-et-pixel.jpg\",\"contentUrl\":\"https:\/\/www.grand-hotel-orleans.fr\/wp-content\/uploads\/sites\/266\/2025\/08\/GHO_LOGO-tres-haute-def-et-pixel.jpg\",\"width\":1800,\"height\":975,\"caption\":\"Grand H\u00f4tel d'Orleans\"},\"image\":{\"@id\":\"https:\/\/www.grand-hotel-orleans.fr\/es\/#\/schema\/logo\/image\/\"},\"sameAs\":[\"https:\/\/www.facebook.com\/ghotoulouse\/?locale=fr_FR\",\"https:\/\/fr.linkedin.com\/company\/grand-hotel-orleans\",\"https:\/\/www.instagram.com\/gho_toulouse\/?hl=fr\"]}]}<\/script>\n<!-- \/ Yoast SEO plugin. -->","yoast_head_json":{"title":"Los seminarios del Grand H\u00f4tel d'Orl\u00e9ans - Grand H\u00f4tel d&#039;Orleans -","description":"A dos pasos de la estaci\u00f3n de trenes SNCF Matabiau, el Grand h\u00f4tel d\u2019Orl\u00e9ans esta situado en el coraz\u00f3n historico de Toulouse. Desde 1956, tres generaciones de hoteleros se han esforzado para acogerlos en el seno de su establecimiento. Desde hace 10 a\u00f1os hasta hoy, este viejo relevo de diligencia se especializa en seminarios y en organizacion de grupos y convenciones","robots":{"index":"index","follow":"follow","max-snippet":"max-snippet:-1","max-image-preview":"max-image-preview:large","max-video-preview":"max-video-preview:-1"},"canonical":"https:\/\/www.grand-hotel-orleans.fr\/es\/los-seminarios-del-grand-hotel-dorleans\/","og_locale":"es_ES","og_type":"article","og_title":"Los seminarios del Grand H\u00f4tel d'Orl\u00e9ans - Grand H\u00f4tel d&#039;Orleans -","og_description":"A dos pasos de la estaci\u00f3n de trenes SNCF Matabiau, el Grand h\u00f4tel d\u2019Orl\u00e9ans esta situado en el coraz\u00f3n historico de Toulouse. Desde 1956, tres generaciones de hoteleros se han esforzado para acogerlos en el seno de su establecimiento. Desde hace 10 a\u00f1os hasta hoy, este viejo relevo de diligencia se especializa en seminarios y en organizacion de grupos y convenciones","og_url":"https:\/\/www.grand-hotel-orleans.fr\/es\/los-seminarios-del-grand-hotel-dorleans\/","og_site_name":"Grand H\u00f4tel d&#039;Orleans","article_publisher":"https:\/\/www.facebook.com\/ghotoulouse\/?locale=fr_FR","article_modified_time":"2025-11-25T16:53:00+00:00","twitter_card":"summary_large_image","twitter_misc":{"Tiempo de lectura":"1 minuto"},"schema":{"@context":"https:\/\/schema.org","@graph":[{"@type":"WebPage","@id":"https:\/\/www.grand-hotel-orleans.fr\/es\/los-seminarios-del-grand-hotel-dorleans\/","url":"https:\/\/www.grand-hotel-orleans.fr\/es\/los-seminarios-del-grand-hotel-dorleans\/","name":"Los seminarios del Grand H\u00f4tel d'Orl\u00e9ans - Grand H\u00f4tel d&#039;Orleans -","isPartOf":{"@id":"https:\/\/www.grand-hotel-orleans.fr\/es\/#website"},"datePublished":"2025-08-26T14:08:17+00:00","dateModified":"2025-11-25T16:53:00+00:00","description":"A dos pasos de la estaci\u00f3n de trenes SNCF Matabiau, el Grand h\u00f4tel d\u2019Orl\u00e9ans esta situado en el coraz\u00f3n historico de Toulouse. Desde 1956, tres generaciones de hoteleros se han esforzado para acogerlos en el seno de su establecimiento. Desde hace 10 a\u00f1os hasta hoy, este viejo relevo de diligencia se especializa en seminarios y en organizacion de grupos y convenciones","breadcrumb":{"@id":"https:\/\/www.grand-hotel-orleans.fr\/es\/los-seminarios-del-grand-hotel-dorleans\/#breadcrumb"},"inLanguage":"es","potentialAction":[{"@type":"ReadAction","target":["https:\/\/www.grand-hotel-orleans.fr\/es\/los-seminarios-del-grand-hotel-dorleans\/"]}]},{"@type":"BreadcrumbList","@id":"https:\/\/www.grand-hotel-orleans.fr\/es\/los-seminarios-del-grand-hotel-dorleans\/#breadcrumb","itemListElement":[{"@type":"ListItem","position":1,"name":"Home","item":"https:\/\/www.grand-hotel-orleans.fr\/es\/"},{"@type":"ListItem","position":2,"name":"Los seminarios del Grand H\u00f4tel d&#8217;Orl\u00e9ans"}]},{"@type":"WebSite","@id":"https:\/\/www.grand-hotel-orleans.fr\/es\/#website","url":"https:\/\/www.grand-hotel-orleans.fr\/es\/","name":"Grand H\u00f4tel d'Orleans","description":"","publisher":{"@id":"https:\/\/www.grand-hotel-orleans.fr\/es\/#organization"},"potentialAction":[{"@type":"SearchAction","target":{"@type":"EntryPoint","urlTemplate":"https:\/\/www.grand-hotel-orleans.fr\/es\/?s={search_term_string}"},"query-input":"required name=search_term_string"}],"inLanguage":"es"},{"@type":"Organization","@id":"https:\/\/www.grand-hotel-orleans.fr\/es\/#organization","name":"Grand H\u00f4tel d'Orleans","url":"https:\/\/www.grand-hotel-orleans.fr\/es\/","logo":{"@type":"ImageObject","inLanguage":"es","@id":"https:\/\/www.grand-hotel-orleans.fr\/es\/#\/schema\/logo\/image\/","url":"https:\/\/www.grand-hotel-orleans.fr\/wp-content\/uploads\/sites\/266\/2025\/08\/GHO_LOGO-tres-haute-def-et-pixel.jpg","contentUrl":"https:\/\/www.grand-hotel-orleans.fr\/wp-content\/uploads\/sites\/266\/2025\/08\/GHO_LOGO-tres-haute-def-et-pixel.jpg","width":1800,"height":975,"caption":"Grand H\u00f4tel d'Orleans"},"image":{"@id":"https:\/\/www.grand-hotel-orleans.fr\/es\/#\/schema\/logo\/image\/"},"sameAs":["https:\/\/www.facebook.com\/ghotoulouse\/?locale=fr_FR","https:\/\/fr.linkedin.com\/company\/grand-hotel-orleans","https:\/\/www.instagram.com\/gho_toulouse\/?hl=fr"]}]}},"acf":[],"_links":{"self":[{"href":"https:\/\/www.grand-hotel-orleans.fr\/es\/wp-json\/wp\/v2\/pages\/346"}],"collection":[{"href":"https:\/\/www.grand-hotel-orleans.fr\/es\/wp-json\/wp\/v2\/pages"}],"about":[{"href":"https:\/\/www.grand-hotel-orleans.fr\/es\/wp-json\/wp\/v2\/types\/page"}],"author":[{"embeddable":true,"href":"https:\/\/www.grand-hotel-orleans.fr\/es\/wp-json\/wp\/v2\/users\/27"}],"replies":[{"embeddable":true,"href":"https:\/\/www.grand-hotel-orleans.fr\/es\/wp-json\/wp\/v2\/comments?post=346"}],"version-history":[{"count":0,"href":"https:\/\/www.grand-hotel-orleans.fr\/es\/wp-json\/wp\/v2\/pages\/346\/revisions"}],"wp:attachment":[{"href":"https:\/\/www.grand-hotel-orleans.fr\/es\/wp-json\/wp\/v2\/media?parent=346"}],"curies":[{"name":"wp","href":"https:\/\/api.w.org\/{rel}","templated":true}]}}