{"id":345,"date":"2025-08-26T14:39:16","date_gmt":"2025-08-26T14:39:16","guid":{"rendered":"https:\/\/grand-hotel-dorleans-v2.ms2.decms.eu\/contact-accessibilite\/"},"modified":"2025-11-26T14:07:38","modified_gmt":"2025-11-26T14:07:38","slug":"contacto-y-accesibilidad","status":"publish","type":"page","link":"https:\/\/www.grand-hotel-orleans.fr\/es\/contacto-y-accesibilidad\/","title":{"rendered":"Contacto Y Accesibilidad"},"content":{"rendered":"<p style=\"text-align: center;\">El Grand H\u00f4tel d\u2019Orl\u00e9ans y la Ripaille estan situados en el coraz\u00f3n historico de Toulouse, en frente de la estaci\u00f3n de trenes Matabiau.<\/p>\n<p style=\"text-align: center;\">A solamente 5 minutos a pie de la plaza del capitolio de San sernin y a 1 minuto a pie de la estaci\u00f3n de trenes Matabiau y del canal del medio d\u00eda. Estar\u00e1 idealmente situado para visitar la ciudad a pie.<\/p>\n<p style=\"text-align: center;\">Modos de pago aceptados: tarjeta bancaria, AMEX, JCB, efectivo, cheques de vacaciones, ticket resto (solo en el restaurante).<\/p>\n","protected":false},"excerpt":{"rendered":"<p>El Grand H\u00f4tel d\u2019Orl\u00e9ans y la Ripaille estan situados en el coraz\u00f3n historico de Toulouse, en frente de la estaci\u00f3n de trenes Matabiau. A solamente 5 minutos a pie de la plaza del capitolio de San sernin y a 1 minuto a pie de la estaci\u00f3n de trenes Matabiau y del canal del medio d\u00eda. [&hellip;]<\/p>\n","protected":false},"author":27,"featured_media":0,"parent":0,"menu_order":6,"comment_status":"closed","ping_status":"closed","template":"template-contacts.php","meta":{"footnotes":""},"yoast_head":"<!-- This site is optimized with the Yoast SEO plugin v22.3 - https:\/\/yoast.com\/wordpress\/plugins\/seo\/ -->\n<title>Contacto Y Accesibilidad - Grand H\u00f4tel d&#039;Orleans -<\/title>\n<meta name=\"description\" content=\"El Grand H\u00f4tel d\u2019Orl\u00e9ans y la Ripaille estan situados en el coraz\u00f3n historico de Toulouse, en frente de la estaci\u00f3n de trenes Matabiau. A solamente 5 minutos a pie de la plaza del capitolio de San sernin y a 1 minuto a pie de la estaci\u00f3n de trenes Matabiau y del canal del medio d\u00eda. Estar\u00e1 idealmente situado para visitar la ciudad a pie. Modos de pago aceptados: tarjeta bancaria, AMEX, JCB, efectivo, cheques de vacaciones, ticket resto (solo en el restaurante).\" \/>\n<meta name=\"robots\" content=\"index, follow, max-snippet:-1, max-image-preview:large, max-video-preview:-1\" \/>\n<link rel=\"canonical\" href=\"https:\/\/www.grand-hotel-orleans.fr\/es\/contacto-y-accesibilidad\/\" \/>\n<meta property=\"og:locale\" content=\"es_ES\" \/>\n<meta property=\"og:type\" content=\"article\" \/>\n<meta property=\"og:title\" content=\"Contacto Y Accesibilidad - Grand H\u00f4tel d&#039;Orleans -\" \/>\n<meta property=\"og:description\" content=\"El Grand H\u00f4tel d\u2019Orl\u00e9ans y la Ripaille estan situados en el coraz\u00f3n historico de Toulouse, en frente de la estaci\u00f3n de trenes Matabiau. A solamente 5 minutos a pie de la plaza del capitolio de San sernin y a 1 minuto a pie de la estaci\u00f3n de trenes Matabiau y del canal del medio d\u00eda. Estar\u00e1 idealmente situado para visitar la ciudad a pie. Modos de pago aceptados: tarjeta bancaria, AMEX, JCB, efectivo, cheques de vacaciones, ticket resto (solo en el restaurante).\" \/>\n<meta property=\"og:url\" content=\"https:\/\/www.grand-hotel-orleans.fr\/es\/contacto-y-accesibilidad\/\" \/>\n<meta property=\"og:site_name\" content=\"Grand H\u00f4tel d&#039;Orleans\" \/>\n<meta property=\"article:publisher\" content=\"https:\/\/www.facebook.com\/ghotoulouse\/?locale=fr_FR\" \/>\n<meta property=\"article:modified_time\" content=\"2025-11-26T14:07:38+00:00\" \/>\n<meta name=\"twitter:card\" content=\"summary_large_image\" \/>\n<meta name=\"twitter:label1\" content=\"Tiempo de lectura\" \/>\n\t<meta name=\"twitter:data1\" content=\"1 minuto\" \/>\n<script type=\"application\/ld+json\" class=\"yoast-schema-graph\">{\"@context\":\"https:\/\/schema.org\",\"@graph\":[{\"@type\":\"WebPage\",\"@id\":\"https:\/\/www.grand-hotel-orleans.fr\/es\/contacto-y-accesibilidad\/\",\"url\":\"https:\/\/www.grand-hotel-orleans.fr\/es\/contacto-y-accesibilidad\/\",\"name\":\"Contacto Y Accesibilidad - Grand H\u00f4tel d&#039;Orleans -\",\"isPartOf\":{\"@id\":\"https:\/\/www.grand-hotel-orleans.fr\/es\/#website\"},\"datePublished\":\"2025-08-26T14:39:16+00:00\",\"dateModified\":\"2025-11-26T14:07:38+00:00\",\"description\":\"El Grand H\u00f4tel d\u2019Orl\u00e9ans y la Ripaille estan situados en el coraz\u00f3n historico de Toulouse, en frente de la estaci\u00f3n de trenes Matabiau. A solamente 5 minutos a pie de la plaza del capitolio de San sernin y a 1 minuto a pie de la estaci\u00f3n de trenes Matabiau y del canal del medio d\u00eda. Estar\u00e1 idealmente situado para visitar la ciudad a pie. Modos de pago aceptados: tarjeta bancaria, AMEX, JCB, efectivo, cheques de vacaciones, ticket resto (solo en el restaurante).\",\"breadcrumb\":{\"@id\":\"https:\/\/www.grand-hotel-orleans.fr\/es\/contacto-y-accesibilidad\/#breadcrumb\"},\"inLanguage\":\"es\",\"potentialAction\":[{\"@type\":\"ReadAction\",\"target\":[\"https:\/\/www.grand-hotel-orleans.fr\/es\/contacto-y-accesibilidad\/\"]}]},{\"@type\":\"BreadcrumbList\",\"@id\":\"https:\/\/www.grand-hotel-orleans.fr\/es\/contacto-y-accesibilidad\/#breadcrumb\",\"itemListElement\":[{\"@type\":\"ListItem\",\"position\":1,\"name\":\"Home\",\"item\":\"https:\/\/www.grand-hotel-orleans.fr\/es\/\"},{\"@type\":\"ListItem\",\"position\":2,\"name\":\"Contacto Y Accesibilidad\"}]},{\"@type\":\"WebSite\",\"@id\":\"https:\/\/www.grand-hotel-orleans.fr\/es\/#website\",\"url\":\"https:\/\/www.grand-hotel-orleans.fr\/es\/\",\"name\":\"Grand H\u00f4tel d'Orleans\",\"description\":\"\",\"publisher\":{\"@id\":\"https:\/\/www.grand-hotel-orleans.fr\/es\/#organization\"},\"potentialAction\":[{\"@type\":\"SearchAction\",\"target\":{\"@type\":\"EntryPoint\",\"urlTemplate\":\"https:\/\/www.grand-hotel-orleans.fr\/es\/?s={search_term_string}\"},\"query-input\":\"required name=search_term_string\"}],\"inLanguage\":\"es\"},{\"@type\":\"Organization\",\"@id\":\"https:\/\/www.grand-hotel-orleans.fr\/es\/#organization\",\"name\":\"Grand H\u00f4tel d'Orleans\",\"url\":\"https:\/\/www.grand-hotel-orleans.fr\/es\/\",\"logo\":{\"@type\":\"ImageObject\",\"inLanguage\":\"es\",\"@id\":\"https:\/\/www.grand-hotel-orleans.fr\/es\/#\/schema\/logo\/image\/\",\"url\":\"https:\/\/www.grand-hotel-orleans.fr\/wp-content\/uploads\/sites\/266\/2025\/08\/GHO_LOGO-tres-haute-def-et-pixel.jpg\",\"contentUrl\":\"https:\/\/www.grand-hotel-orleans.fr\/wp-content\/uploads\/sites\/266\/2025\/08\/GHO_LOGO-tres-haute-def-et-pixel.jpg\",\"width\":1800,\"height\":975,\"caption\":\"Grand H\u00f4tel d'Orleans\"},\"image\":{\"@id\":\"https:\/\/www.grand-hotel-orleans.fr\/es\/#\/schema\/logo\/image\/\"},\"sameAs\":[\"https:\/\/www.facebook.com\/ghotoulouse\/?locale=fr_FR\",\"https:\/\/fr.linkedin.com\/company\/grand-hotel-orleans\",\"https:\/\/www.instagram.com\/gho_toulouse\/?hl=fr\"]}]}<\/script>\n<!-- \/ Yoast SEO plugin. -->","yoast_head_json":{"title":"Contacto Y Accesibilidad - Grand H\u00f4tel d&#039;Orleans -","description":"El Grand H\u00f4tel d\u2019Orl\u00e9ans y la Ripaille estan situados en el coraz\u00f3n historico de Toulouse, en frente de la estaci\u00f3n de trenes Matabiau. A solamente 5 minutos a pie de la plaza del capitolio de San sernin y a 1 minuto a pie de la estaci\u00f3n de trenes Matabiau y del canal del medio d\u00eda. Estar\u00e1 idealmente situado para visitar la ciudad a pie. Modos de pago aceptados: tarjeta bancaria, AMEX, JCB, efectivo, cheques de vacaciones, ticket resto (solo en el restaurante).","robots":{"index":"index","follow":"follow","max-snippet":"max-snippet:-1","max-image-preview":"max-image-preview:large","max-video-preview":"max-video-preview:-1"},"canonical":"https:\/\/www.grand-hotel-orleans.fr\/es\/contacto-y-accesibilidad\/","og_locale":"es_ES","og_type":"article","og_title":"Contacto Y Accesibilidad - Grand H\u00f4tel d&#039;Orleans -","og_description":"El Grand H\u00f4tel d\u2019Orl\u00e9ans y la Ripaille estan situados en el coraz\u00f3n historico de Toulouse, en frente de la estaci\u00f3n de trenes Matabiau. A solamente 5 minutos a pie de la plaza del capitolio de San sernin y a 1 minuto a pie de la estaci\u00f3n de trenes Matabiau y del canal del medio d\u00eda. Estar\u00e1 idealmente situado para visitar la ciudad a pie. Modos de pago aceptados: tarjeta bancaria, AMEX, JCB, efectivo, cheques de vacaciones, ticket resto (solo en el restaurante).","og_url":"https:\/\/www.grand-hotel-orleans.fr\/es\/contacto-y-accesibilidad\/","og_site_name":"Grand H\u00f4tel d&#039;Orleans","article_publisher":"https:\/\/www.facebook.com\/ghotoulouse\/?locale=fr_FR","article_modified_time":"2025-11-26T14:07:38+00:00","twitter_card":"summary_large_image","twitter_misc":{"Tiempo de lectura":"1 minuto"},"schema":{"@context":"https:\/\/schema.org","@graph":[{"@type":"WebPage","@id":"https:\/\/www.grand-hotel-orleans.fr\/es\/contacto-y-accesibilidad\/","url":"https:\/\/www.grand-hotel-orleans.fr\/es\/contacto-y-accesibilidad\/","name":"Contacto Y Accesibilidad - Grand H\u00f4tel d&#039;Orleans -","isPartOf":{"@id":"https:\/\/www.grand-hotel-orleans.fr\/es\/#website"},"datePublished":"2025-08-26T14:39:16+00:00","dateModified":"2025-11-26T14:07:38+00:00","description":"El Grand H\u00f4tel d\u2019Orl\u00e9ans y la Ripaille estan situados en el coraz\u00f3n historico de Toulouse, en frente de la estaci\u00f3n de trenes Matabiau. A solamente 5 minutos a pie de la plaza del capitolio de San sernin y a 1 minuto a pie de la estaci\u00f3n de trenes Matabiau y del canal del medio d\u00eda. Estar\u00e1 idealmente situado para visitar la ciudad a pie. Modos de pago aceptados: tarjeta bancaria, AMEX, JCB, efectivo, cheques de vacaciones, ticket resto (solo en el restaurante).","breadcrumb":{"@id":"https:\/\/www.grand-hotel-orleans.fr\/es\/contacto-y-accesibilidad\/#breadcrumb"},"inLanguage":"es","potentialAction":[{"@type":"ReadAction","target":["https:\/\/www.grand-hotel-orleans.fr\/es\/contacto-y-accesibilidad\/"]}]},{"@type":"BreadcrumbList","@id":"https:\/\/www.grand-hotel-orleans.fr\/es\/contacto-y-accesibilidad\/#breadcrumb","itemListElement":[{"@type":"ListItem","position":1,"name":"Home","item":"https:\/\/www.grand-hotel-orleans.fr\/es\/"},{"@type":"ListItem","position":2,"name":"Contacto Y Accesibilidad"}]},{"@type":"WebSite","@id":"https:\/\/www.grand-hotel-orleans.fr\/es\/#website","url":"https:\/\/www.grand-hotel-orleans.fr\/es\/","name":"Grand H\u00f4tel d'Orleans","description":"","publisher":{"@id":"https:\/\/www.grand-hotel-orleans.fr\/es\/#organization"},"potentialAction":[{"@type":"SearchAction","target":{"@type":"EntryPoint","urlTemplate":"https:\/\/www.grand-hotel-orleans.fr\/es\/?s={search_term_string}"},"query-input":"required name=search_term_string"}],"inLanguage":"es"},{"@type":"Organization","@id":"https:\/\/www.grand-hotel-orleans.fr\/es\/#organization","name":"Grand H\u00f4tel d'Orleans","url":"https:\/\/www.grand-hotel-orleans.fr\/es\/","logo":{"@type":"ImageObject","inLanguage":"es","@id":"https:\/\/www.grand-hotel-orleans.fr\/es\/#\/schema\/logo\/image\/","url":"https:\/\/www.grand-hotel-orleans.fr\/wp-content\/uploads\/sites\/266\/2025\/08\/GHO_LOGO-tres-haute-def-et-pixel.jpg","contentUrl":"https:\/\/www.grand-hotel-orleans.fr\/wp-content\/uploads\/sites\/266\/2025\/08\/GHO_LOGO-tres-haute-def-et-pixel.jpg","width":1800,"height":975,"caption":"Grand H\u00f4tel d'Orleans"},"image":{"@id":"https:\/\/www.grand-hotel-orleans.fr\/es\/#\/schema\/logo\/image\/"},"sameAs":["https:\/\/www.facebook.com\/ghotoulouse\/?locale=fr_FR","https:\/\/fr.linkedin.com\/company\/grand-hotel-orleans","https:\/\/www.instagram.com\/gho_toulouse\/?hl=fr"]}]}},"acf":[],"_links":{"self":[{"href":"https:\/\/www.grand-hotel-orleans.fr\/es\/wp-json\/wp\/v2\/pages\/345"}],"collection":[{"href":"https:\/\/www.grand-hotel-orleans.fr\/es\/wp-json\/wp\/v2\/pages"}],"about":[{"href":"https:\/\/www.grand-hotel-orleans.fr\/es\/wp-json\/wp\/v2\/types\/page"}],"author":[{"embeddable":true,"href":"https:\/\/www.grand-hotel-orleans.fr\/es\/wp-json\/wp\/v2\/users\/27"}],"replies":[{"embeddable":true,"href":"https:\/\/www.grand-hotel-orleans.fr\/es\/wp-json\/wp\/v2\/comments?post=345"}],"version-history":[{"count":0,"href":"https:\/\/www.grand-hotel-orleans.fr\/es\/wp-json\/wp\/v2\/pages\/345\/revisions"}],"wp:attachment":[{"href":"https:\/\/www.grand-hotel-orleans.fr\/es\/wp-json\/wp\/v2\/media?parent=345"}],"curies":[{"name":"wp","href":"https:\/\/api.w.org\/{rel}","templated":true}]}}