{"id":325,"date":"2025-08-26T14:08:17","date_gmt":"2025-08-26T14:08:17","guid":{"rendered":"https:\/\/grand-hotel-dorleans-v2.ms2.decms.eu\/les-seminaires-du-grand-hotel-dorleans\/"},"modified":"2025-11-25T10:15:52","modified_gmt":"2025-11-25T10:15:52","slug":"seminars-at-the-grand-hotel-dorleans","status":"publish","type":"page","link":"https:\/\/www.grand-hotel-orleans.fr\/en\/seminars-at-the-grand-hotel-dorleans\/","title":{"rendered":"Seminars at the Grand H\u00f4tel d&#8217;Orl\u00e9ans"},"content":{"rendered":"<p style=\"text-align: center;\"><span style=\"font-weight: 400;\">Just a stone&#8217;s throw from Toulouse Matabiau train station, the Grand H\u00f4tel d&#8217;Orl\u00e9ans welcomes you to a warm setting that combines historic charm with modern comfort. Located in the heart of the city center, our establishment enjoys an exceptional location that is ideal for business travelers.<\/span><\/p>\n<p style=\"text-align: center;\"><span style=\"font-weight: 400;\">Since 1956, three generations of independent hoteliers have worked to make your stay a unique, friendly, and personalized experience.<\/span><\/p>\n<p style=\"text-align: center;\"><b>4 modular seminar rooms<\/b><\/p>\n<p style=\"text-align: center;\"><span style=\"font-weight: 400;\">Ideal for organizing your meetings, training sessions, conferences, or any professional event, our hotel has four bright and fully equipped seminar rooms (screen, video projector, Wi-Fi, flip chart, etc.). Our rooms can accommodate between 2 and 100 people, depending on your needs.<\/span><\/p>\n<p style=\"text-align: center;\"><b>La Ripaille brasserie: combining business and pleasure<\/b><\/p>\n<p style=\"text-align: center;\"><span style=\"font-weight: 400;\">Our on-site brasserie, La Ripaille, welcomes you with a warm atmosphere.<\/span><\/p>\n<p style=\"text-align: center;\"><span style=\"font-weight: 400;\">We offer generous, seasonal, home-style cuisine made with carefully selected fresh, local produce.<\/span><\/p>\n<p style=\"text-align: center;\"><span style=\"font-weight: 400;\">When organizing your seminar, we offer several options tailored to your desires and budget.<\/span><\/p>\n<p style=\"text-align: center;\"><b>Gourmet breaks:<\/b><span style=\"font-weight: 400;\"> sweet, savory, or customized, ideal for punctuating your workdays.<\/span><\/p>\n<p style=\"text-align: center;\"><b>Seated meals<\/b><span style=\"font-weight: 400;\">: a seasonal menu served at your table for a convivial and refined experience.<\/span><\/p>\n<p style=\"text-align: center;\"><b>Lunch or dinner cocktails:<\/b><span style=\"font-weight: 400;\"> buffet style, perfect for more informal events<\/span><\/p>\n<p style=\"text-align: center;\"><span style=\"font-weight: 400;\">Our dining room can be privatized according to your needs.<\/span><\/p>\n<p style=\"text-align: center;\"><b>Attentive, tailor-made service<\/b><\/p>\n<p style=\"text-align: center;\"><span style=\"font-weight: 400;\">Whether you are staying for one night or organizing a daytime event, Brigitte and C\u00e9line Hugounet and the whole team are at your disposal to advise and assist you every step of the way.<\/span><\/p>\n","protected":false},"excerpt":{"rendered":"<p>Just a stone&#8217;s throw from Toulouse Matabiau train station, the Grand H\u00f4tel d&#8217;Orl\u00e9ans welcomes you to a warm setting that combines historic charm with modern comfort. Located in the heart of the city center, our establishment enjoys an exceptional location that is ideal for business travelers. Since 1956, three generations of independent hoteliers have worked [&hellip;]<\/p>\n","protected":false},"author":27,"featured_media":0,"parent":0,"menu_order":4,"comment_status":"closed","ping_status":"closed","template":"template-meeting.php","meta":{"footnotes":""},"yoast_head":"<!-- This site is optimized with the Yoast SEO plugin v22.3 - https:\/\/yoast.com\/wordpress\/plugins\/seo\/ -->\n<title>Seminars at the Grand H\u00f4tel d&#039;Orl\u00e9ans - Grand H\u00f4tel d&#039;Orleans -<\/title>\n<meta name=\"description\" content=\"Just a stone&#039;s throw from Toulouse Matabiau train station, the Grand H\u00f4tel d&#039;Orl\u00e9ans welcomes you to a warm setting that combines historic charm with modern comfort. Located in the heart of the city center, our establishment enjoys an exceptional location that is ideal for business travelers. Since 1956, three generations of independent hoteliers have worked to make your stay a unique, friendly, and personalized experience. 4 modular seminar rooms Ideal for organizing your meetings, training sessions, conferences, or any professional event, our hotel has four bright and fully equipped seminar rooms (screen, video projector, Wi-Fi, flip chart, etc.)\" \/>\n<meta name=\"robots\" content=\"index, follow, max-snippet:-1, max-image-preview:large, max-video-preview:-1\" \/>\n<link rel=\"canonical\" href=\"https:\/\/www.grand-hotel-orleans.fr\/en\/seminars-at-the-grand-hotel-dorleans\/\" \/>\n<meta property=\"og:locale\" content=\"en_US\" \/>\n<meta property=\"og:type\" content=\"article\" \/>\n<meta property=\"og:title\" content=\"Seminars at the Grand H\u00f4tel d&#039;Orl\u00e9ans - Grand H\u00f4tel d&#039;Orleans -\" \/>\n<meta property=\"og:description\" content=\"Just a stone&#039;s throw from Toulouse Matabiau train station, the Grand H\u00f4tel d&#039;Orl\u00e9ans welcomes you to a warm setting that combines historic charm with modern comfort. Located in the heart of the city center, our establishment enjoys an exceptional location that is ideal for business travelers. Since 1956, three generations of independent hoteliers have worked to make your stay a unique, friendly, and personalized experience. 4 modular seminar rooms Ideal for organizing your meetings, training sessions, conferences, or any professional event, our hotel has four bright and fully equipped seminar rooms (screen, video projector, Wi-Fi, flip chart, etc.)\" \/>\n<meta property=\"og:url\" content=\"https:\/\/www.grand-hotel-orleans.fr\/en\/seminars-at-the-grand-hotel-dorleans\/\" \/>\n<meta property=\"og:site_name\" content=\"Grand H\u00f4tel d&#039;Orleans\" \/>\n<meta property=\"article:publisher\" content=\"https:\/\/www.facebook.com\/ghotoulouse\/?locale=fr_FR\" \/>\n<meta property=\"article:modified_time\" content=\"2025-11-25T10:15:52+00:00\" \/>\n<meta name=\"twitter:card\" content=\"summary_large_image\" \/>\n<meta name=\"twitter:label1\" content=\"Est. reading time\" \/>\n\t<meta name=\"twitter:data1\" content=\"2 minutes\" \/>\n<script type=\"application\/ld+json\" class=\"yoast-schema-graph\">{\"@context\":\"https:\/\/schema.org\",\"@graph\":[{\"@type\":\"WebPage\",\"@id\":\"https:\/\/www.grand-hotel-orleans.fr\/en\/seminars-at-the-grand-hotel-dorleans\/\",\"url\":\"https:\/\/www.grand-hotel-orleans.fr\/en\/seminars-at-the-grand-hotel-dorleans\/\",\"name\":\"Seminars at the Grand H\u00f4tel d'Orl\u00e9ans - Grand H\u00f4tel d&#039;Orleans -\",\"isPartOf\":{\"@id\":\"https:\/\/www.grand-hotel-orleans.fr\/en\/#website\"},\"datePublished\":\"2025-08-26T14:08:17+00:00\",\"dateModified\":\"2025-11-25T10:15:52+00:00\",\"description\":\"Just a stone's throw from Toulouse Matabiau train station, the Grand H\u00f4tel d'Orl\u00e9ans welcomes you to a warm setting that combines historic charm with modern comfort. Located in the heart of the city center, our establishment enjoys an exceptional location that is ideal for business travelers. Since 1956, three generations of independent hoteliers have worked to make your stay a unique, friendly, and personalized experience. 4 modular seminar rooms Ideal for organizing your meetings, training sessions, conferences, or any professional event, our hotel has four bright and fully equipped seminar rooms (screen, video projector, Wi-Fi, flip chart, etc.)\",\"breadcrumb\":{\"@id\":\"https:\/\/www.grand-hotel-orleans.fr\/en\/seminars-at-the-grand-hotel-dorleans\/#breadcrumb\"},\"inLanguage\":\"en-US\",\"potentialAction\":[{\"@type\":\"ReadAction\",\"target\":[\"https:\/\/www.grand-hotel-orleans.fr\/en\/seminars-at-the-grand-hotel-dorleans\/\"]}]},{\"@type\":\"BreadcrumbList\",\"@id\":\"https:\/\/www.grand-hotel-orleans.fr\/en\/seminars-at-the-grand-hotel-dorleans\/#breadcrumb\",\"itemListElement\":[{\"@type\":\"ListItem\",\"position\":1,\"name\":\"Home\",\"item\":\"https:\/\/www.grand-hotel-orleans.fr\/en\/\"},{\"@type\":\"ListItem\",\"position\":2,\"name\":\"Seminars at the Grand H\u00f4tel d&#8217;Orl\u00e9ans\"}]},{\"@type\":\"WebSite\",\"@id\":\"https:\/\/www.grand-hotel-orleans.fr\/en\/#website\",\"url\":\"https:\/\/www.grand-hotel-orleans.fr\/en\/\",\"name\":\"Grand H\u00f4tel d'Orleans\",\"description\":\"\",\"publisher\":{\"@id\":\"https:\/\/www.grand-hotel-orleans.fr\/en\/#organization\"},\"potentialAction\":[{\"@type\":\"SearchAction\",\"target\":{\"@type\":\"EntryPoint\",\"urlTemplate\":\"https:\/\/www.grand-hotel-orleans.fr\/en\/?s={search_term_string}\"},\"query-input\":\"required name=search_term_string\"}],\"inLanguage\":\"en-US\"},{\"@type\":\"Organization\",\"@id\":\"https:\/\/www.grand-hotel-orleans.fr\/en\/#organization\",\"name\":\"Grand H\u00f4tel d'Orleans\",\"url\":\"https:\/\/www.grand-hotel-orleans.fr\/en\/\",\"logo\":{\"@type\":\"ImageObject\",\"inLanguage\":\"en-US\",\"@id\":\"https:\/\/www.grand-hotel-orleans.fr\/en\/#\/schema\/logo\/image\/\",\"url\":\"https:\/\/www.grand-hotel-orleans.fr\/wp-content\/uploads\/sites\/266\/2025\/08\/GHO_LOGO-tres-haute-def-et-pixel.jpg\",\"contentUrl\":\"https:\/\/www.grand-hotel-orleans.fr\/wp-content\/uploads\/sites\/266\/2025\/08\/GHO_LOGO-tres-haute-def-et-pixel.jpg\",\"width\":1800,\"height\":975,\"caption\":\"Grand H\u00f4tel d'Orleans\"},\"image\":{\"@id\":\"https:\/\/www.grand-hotel-orleans.fr\/en\/#\/schema\/logo\/image\/\"},\"sameAs\":[\"https:\/\/www.facebook.com\/ghotoulouse\/?locale=fr_FR\",\"https:\/\/fr.linkedin.com\/company\/grand-hotel-orleans\",\"https:\/\/www.instagram.com\/gho_toulouse\/?hl=fr\"]}]}<\/script>\n<!-- \/ Yoast SEO plugin. -->","yoast_head_json":{"title":"Seminars at the Grand H\u00f4tel d'Orl\u00e9ans - Grand H\u00f4tel d&#039;Orleans -","description":"Just a stone's throw from Toulouse Matabiau train station, the Grand H\u00f4tel d'Orl\u00e9ans welcomes you to a warm setting that combines historic charm with modern comfort. Located in the heart of the city center, our establishment enjoys an exceptional location that is ideal for business travelers. Since 1956, three generations of independent hoteliers have worked to make your stay a unique, friendly, and personalized experience. 4 modular seminar rooms Ideal for organizing your meetings, training sessions, conferences, or any professional event, our hotel has four bright and fully equipped seminar rooms (screen, video projector, Wi-Fi, flip chart, etc.)","robots":{"index":"index","follow":"follow","max-snippet":"max-snippet:-1","max-image-preview":"max-image-preview:large","max-video-preview":"max-video-preview:-1"},"canonical":"https:\/\/www.grand-hotel-orleans.fr\/en\/seminars-at-the-grand-hotel-dorleans\/","og_locale":"en_US","og_type":"article","og_title":"Seminars at the Grand H\u00f4tel d'Orl\u00e9ans - Grand H\u00f4tel d&#039;Orleans -","og_description":"Just a stone's throw from Toulouse Matabiau train station, the Grand H\u00f4tel d'Orl\u00e9ans welcomes you to a warm setting that combines historic charm with modern comfort. Located in the heart of the city center, our establishment enjoys an exceptional location that is ideal for business travelers. Since 1956, three generations of independent hoteliers have worked to make your stay a unique, friendly, and personalized experience. 4 modular seminar rooms Ideal for organizing your meetings, training sessions, conferences, or any professional event, our hotel has four bright and fully equipped seminar rooms (screen, video projector, Wi-Fi, flip chart, etc.)","og_url":"https:\/\/www.grand-hotel-orleans.fr\/en\/seminars-at-the-grand-hotel-dorleans\/","og_site_name":"Grand H\u00f4tel d&#039;Orleans","article_publisher":"https:\/\/www.facebook.com\/ghotoulouse\/?locale=fr_FR","article_modified_time":"2025-11-25T10:15:52+00:00","twitter_card":"summary_large_image","twitter_misc":{"Est. reading time":"2 minutes"},"schema":{"@context":"https:\/\/schema.org","@graph":[{"@type":"WebPage","@id":"https:\/\/www.grand-hotel-orleans.fr\/en\/seminars-at-the-grand-hotel-dorleans\/","url":"https:\/\/www.grand-hotel-orleans.fr\/en\/seminars-at-the-grand-hotel-dorleans\/","name":"Seminars at the Grand H\u00f4tel d'Orl\u00e9ans - Grand H\u00f4tel d&#039;Orleans -","isPartOf":{"@id":"https:\/\/www.grand-hotel-orleans.fr\/en\/#website"},"datePublished":"2025-08-26T14:08:17+00:00","dateModified":"2025-11-25T10:15:52+00:00","description":"Just a stone's throw from Toulouse Matabiau train station, the Grand H\u00f4tel d'Orl\u00e9ans welcomes you to a warm setting that combines historic charm with modern comfort. Located in the heart of the city center, our establishment enjoys an exceptional location that is ideal for business travelers. Since 1956, three generations of independent hoteliers have worked to make your stay a unique, friendly, and personalized experience. 4 modular seminar rooms Ideal for organizing your meetings, training sessions, conferences, or any professional event, our hotel has four bright and fully equipped seminar rooms (screen, video projector, Wi-Fi, flip chart, etc.)","breadcrumb":{"@id":"https:\/\/www.grand-hotel-orleans.fr\/en\/seminars-at-the-grand-hotel-dorleans\/#breadcrumb"},"inLanguage":"en-US","potentialAction":[{"@type":"ReadAction","target":["https:\/\/www.grand-hotel-orleans.fr\/en\/seminars-at-the-grand-hotel-dorleans\/"]}]},{"@type":"BreadcrumbList","@id":"https:\/\/www.grand-hotel-orleans.fr\/en\/seminars-at-the-grand-hotel-dorleans\/#breadcrumb","itemListElement":[{"@type":"ListItem","position":1,"name":"Home","item":"https:\/\/www.grand-hotel-orleans.fr\/en\/"},{"@type":"ListItem","position":2,"name":"Seminars at the Grand H\u00f4tel d&#8217;Orl\u00e9ans"}]},{"@type":"WebSite","@id":"https:\/\/www.grand-hotel-orleans.fr\/en\/#website","url":"https:\/\/www.grand-hotel-orleans.fr\/en\/","name":"Grand H\u00f4tel d'Orleans","description":"","publisher":{"@id":"https:\/\/www.grand-hotel-orleans.fr\/en\/#organization"},"potentialAction":[{"@type":"SearchAction","target":{"@type":"EntryPoint","urlTemplate":"https:\/\/www.grand-hotel-orleans.fr\/en\/?s={search_term_string}"},"query-input":"required name=search_term_string"}],"inLanguage":"en-US"},{"@type":"Organization","@id":"https:\/\/www.grand-hotel-orleans.fr\/en\/#organization","name":"Grand H\u00f4tel d'Orleans","url":"https:\/\/www.grand-hotel-orleans.fr\/en\/","logo":{"@type":"ImageObject","inLanguage":"en-US","@id":"https:\/\/www.grand-hotel-orleans.fr\/en\/#\/schema\/logo\/image\/","url":"https:\/\/www.grand-hotel-orleans.fr\/wp-content\/uploads\/sites\/266\/2025\/08\/GHO_LOGO-tres-haute-def-et-pixel.jpg","contentUrl":"https:\/\/www.grand-hotel-orleans.fr\/wp-content\/uploads\/sites\/266\/2025\/08\/GHO_LOGO-tres-haute-def-et-pixel.jpg","width":1800,"height":975,"caption":"Grand H\u00f4tel d'Orleans"},"image":{"@id":"https:\/\/www.grand-hotel-orleans.fr\/en\/#\/schema\/logo\/image\/"},"sameAs":["https:\/\/www.facebook.com\/ghotoulouse\/?locale=fr_FR","https:\/\/fr.linkedin.com\/company\/grand-hotel-orleans","https:\/\/www.instagram.com\/gho_toulouse\/?hl=fr"]}]}},"acf":[],"_links":{"self":[{"href":"https:\/\/www.grand-hotel-orleans.fr\/en\/wp-json\/wp\/v2\/pages\/325"}],"collection":[{"href":"https:\/\/www.grand-hotel-orleans.fr\/en\/wp-json\/wp\/v2\/pages"}],"about":[{"href":"https:\/\/www.grand-hotel-orleans.fr\/en\/wp-json\/wp\/v2\/types\/page"}],"author":[{"embeddable":true,"href":"https:\/\/www.grand-hotel-orleans.fr\/en\/wp-json\/wp\/v2\/users\/27"}],"replies":[{"embeddable":true,"href":"https:\/\/www.grand-hotel-orleans.fr\/en\/wp-json\/wp\/v2\/comments?post=325"}],"version-history":[{"count":0,"href":"https:\/\/www.grand-hotel-orleans.fr\/en\/wp-json\/wp\/v2\/pages\/325\/revisions"}],"wp:attachment":[{"href":"https:\/\/www.grand-hotel-orleans.fr\/en\/wp-json\/wp\/v2\/media?parent=325"}],"curies":[{"name":"wp","href":"https:\/\/api.w.org\/{rel}","templated":true}]}}