{"id":312,"date":"2025-08-22T09:01:32","date_gmt":"2025-08-22T09:01:32","guid":{"rendered":"https:\/\/grand-hotel-dorleans-v2.ms2.decms.eu\/our-rooms\/chambre-confort\/"},"modified":"2025-11-25T09:40:54","modified_gmt":"2025-11-25T09:40:54","slug":"comfort-room","status":"publish","type":"page","link":"https:\/\/www.grand-hotel-orleans.fr\/en\/our-rooms\/comfort-room\/","title":{"rendered":"Comfort room"},"content":{"rendered":"<p style=\"text-align: center;\"><span style=\"font-weight: 400;\">Double or twin room overlooking the street or courtyard.<\/span><\/p>\n<p style=\"text-align: center;\"><span style=\"font-weight: 400;\">Its refined d\u00e9cor reflects the atmosphere of the Grand H\u00f4tel d\u2019Orl\u00e9ans.<\/span><\/p>\n","protected":false},"excerpt":{"rendered":"<p>Double or twin room overlooking the street or courtyard. Its refined d\u00e9cor reflects the atmosphere of the Grand H\u00f4tel d\u2019Orl\u00e9ans.<\/p>\n","protected":false},"author":27,"featured_media":0,"parent":308,"menu_order":2,"comment_status":"closed","ping_status":"closed","template":"template-single-room.php","meta":{"footnotes":""},"class_list":["post-312","page","type-page","status-publish","hentry"],"yoast_head":"<!-- This site is optimized with the Yoast SEO plugin v27.3 - https:\/\/yoast.com\/product\/yoast-seo-wordpress\/ -->\n<title>Comfort room - Grand H\u00f4tel d&#039;Orleans -<\/title>\n<meta name=\"description\" content=\"Double or twin room overlooking the street or courtyard. Its refined d\u00e9cor reflects the atmosphere of the Grand H\u00f4tel d\u2019Orl\u00e9ans..\" \/>\n<meta name=\"robots\" content=\"index, follow, max-snippet:-1, max-image-preview:large, max-video-preview:-1\" \/>\n<link rel=\"canonical\" href=\"https:\/\/www.grand-hotel-orleans.fr\/en\/our-rooms\/comfort-room\/\" \/>\n<meta property=\"og:locale\" content=\"en_US\" \/>\n<meta property=\"og:type\" content=\"article\" \/>\n<meta property=\"og:title\" content=\"Comfort room - Grand H\u00f4tel d&#039;Orleans -\" \/>\n<meta property=\"og:description\" content=\"Double or twin room overlooking the street or courtyard. Its refined d\u00e9cor reflects the atmosphere of the Grand H\u00f4tel d\u2019Orl\u00e9ans..\" \/>\n<meta property=\"og:url\" content=\"https:\/\/www.grand-hotel-orleans.fr\/en\/our-rooms\/comfort-room\/\" \/>\n<meta property=\"og:site_name\" content=\"Grand H\u00f4tel d&#039;Orleans\" \/>\n<meta property=\"article:publisher\" content=\"https:\/\/www.facebook.com\/ghotoulouse\/?locale=fr_FR\" \/>\n<meta property=\"article:modified_time\" content=\"2025-11-25T09:40:54+00:00\" \/>\n<meta name=\"twitter:card\" content=\"summary_large_image\" \/>\n<meta name=\"twitter:label1\" content=\"Est. reading time\" \/>\n\t<meta name=\"twitter:data1\" content=\"1 minute\" \/>\n<script type=\"application\/ld+json\" class=\"yoast-schema-graph\">{\"@context\":\"https:\\\/\\\/schema.org\",\"@graph\":[{\"@type\":\"WebPage\",\"@id\":\"https:\\\/\\\/www.grand-hotel-orleans.fr\\\/en\\\/our-rooms\\\/comfort-room\\\/\",\"url\":\"https:\\\/\\\/www.grand-hotel-orleans.fr\\\/en\\\/our-rooms\\\/comfort-room\\\/\",\"name\":\"Comfort room - Grand H\u00f4tel d&#039;Orleans -\",\"isPartOf\":{\"@id\":\"https:\\\/\\\/www.grand-hotel-orleans.fr\\\/en\\\/#website\"},\"datePublished\":\"2025-08-22T09:01:32+00:00\",\"dateModified\":\"2025-11-25T09:40:54+00:00\",\"description\":\"Double or twin room overlooking the street or courtyard. Its refined d\u00e9cor reflects the atmosphere of the Grand H\u00f4tel d\u2019Orl\u00e9ans. .\",\"breadcrumb\":{\"@id\":\"https:\\\/\\\/www.grand-hotel-orleans.fr\\\/en\\\/our-rooms\\\/comfort-room\\\/#breadcrumb\"},\"inLanguage\":\"en-US\",\"potentialAction\":[{\"@type\":\"ReadAction\",\"target\":[\"https:\\\/\\\/www.grand-hotel-orleans.fr\\\/en\\\/our-rooms\\\/comfort-room\\\/\"]}]},{\"@type\":\"BreadcrumbList\",\"@id\":\"https:\\\/\\\/www.grand-hotel-orleans.fr\\\/en\\\/our-rooms\\\/comfort-room\\\/#breadcrumb\",\"itemListElement\":[{\"@type\":\"ListItem\",\"position\":1,\"name\":\"Home\",\"item\":\"https:\\\/\\\/www.grand-hotel-orleans.fr\\\/en\\\/\"},{\"@type\":\"ListItem\",\"position\":2,\"name\":\"Our Rooms\",\"item\":\"https:\\\/\\\/www.grand-hotel-orleans.fr\\\/en\\\/our-rooms\\\/\"},{\"@type\":\"ListItem\",\"position\":3,\"name\":\"Comfort room\"}]},{\"@type\":\"WebSite\",\"@id\":\"https:\\\/\\\/www.grand-hotel-orleans.fr\\\/en\\\/#website\",\"url\":\"https:\\\/\\\/www.grand-hotel-orleans.fr\\\/en\\\/\",\"name\":\"Grand H\u00f4tel d'Orleans\",\"description\":\"\",\"publisher\":{\"@id\":\"https:\\\/\\\/www.grand-hotel-orleans.fr\\\/en\\\/#organization\"},\"potentialAction\":[{\"@type\":\"SearchAction\",\"target\":{\"@type\":\"EntryPoint\",\"urlTemplate\":\"https:\\\/\\\/www.grand-hotel-orleans.fr\\\/en\\\/?s={search_term_string}\"},\"query-input\":{\"@type\":\"PropertyValueSpecification\",\"valueRequired\":true,\"valueName\":\"search_term_string\"}}],\"inLanguage\":\"en-US\"},{\"@type\":\"Organization\",\"@id\":\"https:\\\/\\\/www.grand-hotel-orleans.fr\\\/en\\\/#organization\",\"name\":\"Grand H\u00f4tel d'Orleans\",\"url\":\"https:\\\/\\\/www.grand-hotel-orleans.fr\\\/en\\\/\",\"logo\":{\"@type\":\"ImageObject\",\"inLanguage\":\"en-US\",\"@id\":\"https:\\\/\\\/www.grand-hotel-orleans.fr\\\/en\\\/#\\\/schema\\\/logo\\\/image\\\/\",\"url\":\"https:\\\/\\\/www.grand-hotel-orleans.fr\\\/wp-content\\\/uploads\\\/sites\\\/266\\\/2025\\\/08\\\/GHO_LOGO-tres-haute-def-et-pixel.jpg\",\"contentUrl\":\"https:\\\/\\\/www.grand-hotel-orleans.fr\\\/wp-content\\\/uploads\\\/sites\\\/266\\\/2025\\\/08\\\/GHO_LOGO-tres-haute-def-et-pixel.jpg\",\"width\":1800,\"height\":975,\"caption\":\"Grand H\u00f4tel d'Orleans\"},\"image\":{\"@id\":\"https:\\\/\\\/www.grand-hotel-orleans.fr\\\/en\\\/#\\\/schema\\\/logo\\\/image\\\/\"},\"sameAs\":[\"https:\\\/\\\/www.facebook.com\\\/ghotoulouse\\\/?locale=fr_FR\",\"https:\\\/\\\/fr.linkedin.com\\\/company\\\/grand-hotel-orleans\",\"https:\\\/\\\/www.instagram.com\\\/gho_toulouse\\\/?hl=fr\"]}]}<\/script>\n<!-- \/ Yoast SEO plugin. -->","yoast_head_json":{"title":"Comfort room - Grand H\u00f4tel d&#039;Orleans -","description":"Double or twin room overlooking the street or courtyard. Its refined d\u00e9cor reflects the atmosphere of the Grand H\u00f4tel d\u2019Orl\u00e9ans..","robots":{"index":"index","follow":"follow","max-snippet":"max-snippet:-1","max-image-preview":"max-image-preview:large","max-video-preview":"max-video-preview:-1"},"canonical":"https:\/\/www.grand-hotel-orleans.fr\/en\/our-rooms\/comfort-room\/","og_locale":"en_US","og_type":"article","og_title":"Comfort room - Grand H\u00f4tel d&#039;Orleans -","og_description":"Double or twin room overlooking the street or courtyard. Its refined d\u00e9cor reflects the atmosphere of the Grand H\u00f4tel d\u2019Orl\u00e9ans..","og_url":"https:\/\/www.grand-hotel-orleans.fr\/en\/our-rooms\/comfort-room\/","og_site_name":"Grand H\u00f4tel d&#039;Orleans","article_publisher":"https:\/\/www.facebook.com\/ghotoulouse\/?locale=fr_FR","article_modified_time":"2025-11-25T09:40:54+00:00","twitter_card":"summary_large_image","twitter_misc":{"Est. reading time":"1 minute"},"schema":{"@context":"https:\/\/schema.org","@graph":[{"@type":"WebPage","@id":"https:\/\/www.grand-hotel-orleans.fr\/en\/our-rooms\/comfort-room\/","url":"https:\/\/www.grand-hotel-orleans.fr\/en\/our-rooms\/comfort-room\/","name":"Comfort room - Grand H\u00f4tel d&#039;Orleans -","isPartOf":{"@id":"https:\/\/www.grand-hotel-orleans.fr\/en\/#website"},"datePublished":"2025-08-22T09:01:32+00:00","dateModified":"2025-11-25T09:40:54+00:00","description":"Double or twin room overlooking the street or courtyard. Its refined d\u00e9cor reflects the atmosphere of the Grand H\u00f4tel d\u2019Orl\u00e9ans. .","breadcrumb":{"@id":"https:\/\/www.grand-hotel-orleans.fr\/en\/our-rooms\/comfort-room\/#breadcrumb"},"inLanguage":"en-US","potentialAction":[{"@type":"ReadAction","target":["https:\/\/www.grand-hotel-orleans.fr\/en\/our-rooms\/comfort-room\/"]}]},{"@type":"BreadcrumbList","@id":"https:\/\/www.grand-hotel-orleans.fr\/en\/our-rooms\/comfort-room\/#breadcrumb","itemListElement":[{"@type":"ListItem","position":1,"name":"Home","item":"https:\/\/www.grand-hotel-orleans.fr\/en\/"},{"@type":"ListItem","position":2,"name":"Our Rooms","item":"https:\/\/www.grand-hotel-orleans.fr\/en\/our-rooms\/"},{"@type":"ListItem","position":3,"name":"Comfort room"}]},{"@type":"WebSite","@id":"https:\/\/www.grand-hotel-orleans.fr\/en\/#website","url":"https:\/\/www.grand-hotel-orleans.fr\/en\/","name":"Grand H\u00f4tel d'Orleans","description":"","publisher":{"@id":"https:\/\/www.grand-hotel-orleans.fr\/en\/#organization"},"potentialAction":[{"@type":"SearchAction","target":{"@type":"EntryPoint","urlTemplate":"https:\/\/www.grand-hotel-orleans.fr\/en\/?s={search_term_string}"},"query-input":{"@type":"PropertyValueSpecification","valueRequired":true,"valueName":"search_term_string"}}],"inLanguage":"en-US"},{"@type":"Organization","@id":"https:\/\/www.grand-hotel-orleans.fr\/en\/#organization","name":"Grand H\u00f4tel d'Orleans","url":"https:\/\/www.grand-hotel-orleans.fr\/en\/","logo":{"@type":"ImageObject","inLanguage":"en-US","@id":"https:\/\/www.grand-hotel-orleans.fr\/en\/#\/schema\/logo\/image\/","url":"https:\/\/www.grand-hotel-orleans.fr\/wp-content\/uploads\/sites\/266\/2025\/08\/GHO_LOGO-tres-haute-def-et-pixel.jpg","contentUrl":"https:\/\/www.grand-hotel-orleans.fr\/wp-content\/uploads\/sites\/266\/2025\/08\/GHO_LOGO-tres-haute-def-et-pixel.jpg","width":1800,"height":975,"caption":"Grand H\u00f4tel d'Orleans"},"image":{"@id":"https:\/\/www.grand-hotel-orleans.fr\/en\/#\/schema\/logo\/image\/"},"sameAs":["https:\/\/www.facebook.com\/ghotoulouse\/?locale=fr_FR","https:\/\/fr.linkedin.com\/company\/grand-hotel-orleans","https:\/\/www.instagram.com\/gho_toulouse\/?hl=fr"]}]}},"acf":[],"_links":{"self":[{"href":"https:\/\/www.grand-hotel-orleans.fr\/en\/wp-json\/wp\/v2\/pages\/312","targetHints":{"allow":["GET"]}}],"collection":[{"href":"https:\/\/www.grand-hotel-orleans.fr\/en\/wp-json\/wp\/v2\/pages"}],"about":[{"href":"https:\/\/www.grand-hotel-orleans.fr\/en\/wp-json\/wp\/v2\/types\/page"}],"author":[{"embeddable":true,"href":"https:\/\/www.grand-hotel-orleans.fr\/en\/wp-json\/wp\/v2\/users\/27"}],"replies":[{"embeddable":true,"href":"https:\/\/www.grand-hotel-orleans.fr\/en\/wp-json\/wp\/v2\/comments?post=312"}],"version-history":[{"count":0,"href":"https:\/\/www.grand-hotel-orleans.fr\/en\/wp-json\/wp\/v2\/pages\/312\/revisions"}],"up":[{"embeddable":true,"href":"https:\/\/www.grand-hotel-orleans.fr\/en\/wp-json\/wp\/v2\/pages\/308"}],"wp:attachment":[{"href":"https:\/\/www.grand-hotel-orleans.fr\/en\/wp-json\/wp\/v2\/media?parent=312"}],"curies":[{"name":"wp","href":"https:\/\/api.w.org\/{rel}","templated":true}]}}